{"id":2074,"date":"2019-02-02T18:47:31","date_gmt":"2019-02-03T00:47:31","guid":{"rendered":"https:\/\/annaruiz.com.mx\/arw\/?page_id=2074"},"modified":"2025-10-01T22:20:17","modified_gmt":"2025-10-02T04:20:17","slug":"chef-anna-ruiz","status":"publish","type":"page","link":"https:\/\/annaruiz.com.mx\/arw\/chef-anna-ruiz\/","title":{"rendered":"Chef Anna Ruiz"},"content":{"rendered":"<p><div class=\"fusion-fullwidth fullwidth-box fusion-builder-row-1 fusion-flex-container nonhundred-percent-fullwidth non-hundred-percent-height-scrolling\" style=\"--awb-border-radius-top-left:0px;--awb-border-radius-top-right:0px;--awb-border-radius-bottom-right:0px;--awb-border-radius-bottom-left:0px;--awb-flex-wrap:wrap;\" ><div class=\"fusion-builder-row fusion-row fusion-flex-align-items-flex-start fusion-flex-content-wrap\" style=\"max-width:1331.2px;margin-left: calc(-4% \/ 2 );margin-right: calc(-4% \/ 2 );\"><div class=\"fusion-layout-column fusion_builder_column fusion-builder-column-0 fusion_builder_column_1_1 1_1 fusion-flex-column\" style=\"--awb-bg-size:cover;--awb-width-large:100%;--awb-margin-top-large:10px;--awb-spacing-right-large:1.92%;--awb-margin-bottom-large:10px;--awb-spacing-left-large:1.92%;--awb-width-medium:100%;--awb-spacing-right-medium:1.92%;--awb-spacing-left-medium:1.92%;--awb-width-small:100%;--awb-spacing-right-small:1.92%;--awb-spacing-left-small:1.92%;\"><div class=\"fusion-column-wrapper fusion-flex-justify-content-flex-start fusion-content-layout-column\"><div class=\"fusion-text fusion-text-1\"><h3 style=\"text-align: center;\">\u00bfQui\u00e9n es Anna Ruiz?<\/h3>\n<\/div><div class=\"fusion-text fusion-text-2\"><p><div class=\"fusion-image-element fusion-image-align-left in-legacy-container\" style=\"text-align:left;--awb-caption-title-font-family:var(--h2_typography-font-family);--awb-caption-title-font-weight:var(--h2_typography-font-weight);--awb-caption-title-font-style:var(--h2_typography-font-style);--awb-caption-title-size:var(--h2_typography-font-size);--awb-caption-title-transform:var(--h2_typography-text-transform);--awb-caption-title-line-height:var(--h2_typography-line-height);--awb-caption-title-letter-spacing:var(--h2_typography-letter-spacing);\"><span class=\" fusion-imageframe imageframe-dropshadow imageframe-1 hover-type-none\" style=\"border:2px solid #777777;-webkit-box-shadow: 3px 3px 7px rgba(0,0,0,0.3);box-shadow: 3px 3px 7px rgba(0,0,0,0.3);margin-right:25px;float:left;\"><img decoding=\"async\" width=\"576\" height=\"576\" alt=\"Nailed it! Mexico Netflix\" title=\"Nailed it! Mexico Netflix\" src=\"https:\/\/annaruiz.com.mx\/arw\/wp-content\/uploads\/2019\/02\/IMG_0170.jpg\" data-orig-src=\"https:\/\/annaruiz.com.mx\/arw\/wp-content\/uploads\/2019\/02\/IMG_0170.jpg\" class=\"lazyload img-responsive wp-image-2672\" srcset=\"data:image\/svg+xml,%3Csvg%20xmlns%3D%27http%3A%2F%2Fwww.w3.org%2F2000%2Fsvg%27%20width%3D%27576%27%20height%3D%27576%27%20viewBox%3D%270%200%20576%20576%27%3E%3Crect%20width%3D%27576%27%20height%3D%27576%27%20fill-opacity%3D%220%22%2F%3E%3C%2Fsvg%3E\" data-srcset=\"https:\/\/annaruiz.com.mx\/arw\/wp-content\/uploads\/2019\/02\/IMG_0170-200x200.jpg 200w, https:\/\/annaruiz.com.mx\/arw\/wp-content\/uploads\/2019\/02\/IMG_0170-400x400.jpg 400w, https:\/\/annaruiz.com.mx\/arw\/wp-content\/uploads\/2019\/02\/IMG_0170.jpg 576w\" data-sizes=\"auto\" data-orig-sizes=\"(max-width: 1024px) 100vw, (max-width: 640px) 100vw, 576px\" \/><\/span><\/div><span class=\"fusion-dropcap dropcap\" style=\"--awb-color:#cc0000;\">C<\/span>on m\u00e1s de 25 a\u00f1os en la industria del arte culinario como \u201cCake Designer\u201d, la Chef Anna Ruiz encontr\u00f3 en el fondant la mejor herramienta para expresar su arte.<\/p>\n<p>Siendo una de las m\u00e1s reconocidas decoradoras de pasteles en M\u00e9xico; est\u00e1 siempre en busca de tendencias de vanguardia. Con a\u00f1os en la ense\u00f1anza, la Chef Anna busca transmitir la pasi\u00f3n que siente cuando ve una de sus obras terminadas. Contando con m\u00e1s de 8,000 estudiantes de las escuelas culinarias y clases en otros foros, tambi\u00e9n ha sido juez y organizadora en diversos concursos de la industria.<\/p>\n<p>Siendo una mujer emprendedora, abri\u00f3 en 2011 \u201cAnna Ruiz Store\u201d en la Ciudad de M\u00e9xico, dise\u00f1\u00f3 su propia l\u00ednea de productos para satisfacer un mercado creciente, revistas dise\u00f1adas por ella para crear un mayor conocimiento del fondant en M\u00e9xico.\u00a0 Ha estado en espect\u00e1culos internacionales demostrando y ense\u00f1ando su arte Hong Kong, Reino Unido, Estados Unidos, Brasil, Espa\u00f1a s\u00f3lo por nombrar algunos. En M\u00e9xico ha estado en programas de televisi\u00f3n en las m\u00e1s grandes Exposiciones y le han hecho entrevistas para grandes empresas de medios, ha participado como juez en eventos nacionales e internacionales. Actualmente la Chef Anna Ruiz est\u00e1 dedicada completamente a la pasteler\u00eda y al mundo de la decoraci\u00f3n.<\/p>\n<\/div><br><br><\/div><\/div><\/div><\/div><div class=\"fusion-fullwidth fullwidth-box fusion-builder-row-2 fusion-flex-container nonhundred-percent-fullwidth non-hundred-percent-height-scrolling\" style=\"--awb-border-radius-top-left:0px;--awb-border-radius-top-right:0px;--awb-border-radius-bottom-right:0px;--awb-border-radius-bottom-left:0px;--awb-flex-wrap:wrap;\" ><div class=\"fusion-builder-row fusion-row fusion-flex-align-items-flex-start fusion-flex-content-wrap\" style=\"max-width:1331.2px;margin-left: calc(-4% \/ 2 );margin-right: calc(-4% \/ 2 );\"><div class=\"fusion-layout-column fusion_builder_column fusion-builder-column-1 fusion_builder_column_1_4 1_4 fusion-flex-column\" style=\"--awb-bg-size:cover;--awb-border-color:#000000;--awb-border-top:2px;--awb-border-right:2px;--awb-border-bottom:2px;--awb-border-left:2px;--awb-border-style:solid;--awb-width-large:25%;--awb-margin-top-large:10px;--awb-spacing-right-large:7.68%;--awb-margin-bottom-large:10px;--awb-spacing-left-large:7.68%;--awb-width-medium:100%;--awb-spacing-right-medium:1.92%;--awb-spacing-left-medium:1.92%;--awb-width-small:100%;--awb-spacing-right-small:1.92%;--awb-spacing-left-small:1.92%;\"><div class=\"fusion-column-wrapper fusion-flex-justify-content-flex-start fusion-content-layout-column\"><div class=\"fusion-text fusion-text-3\" style=\"--awb-text-transform:none;\"><h3 style=\"text-align: center;\">Chef Anna Ruiz<\/h3>\n<h4 style=\"text-align: center;\">Contacto para Chef Anna Ruiz<\/h4>\n<p style=\"text-align: center;\">Adolfo Prieto 1439 &#8211; Local 1<br \/>\nColonia Del Valle Centro, 03100<br \/>\nCiudad de M\u00e9xico, M\u00e9xico<br \/>\nTelefono: +52 55 5536 6423<br \/>\nemails: <a href=\"mailto:rp@annaruiz.com.mx\">\u00a0rp@annaruiz.com.mx<\/a><\/p>\n<\/div><\/div><\/div><div class=\"fusion-layout-column fusion_builder_column fusion-builder-column-2 fusion_builder_column_1_4 1_4 fusion-flex-column\" style=\"--awb-bg-size:cover;--awb-width-large:25%;--awb-margin-top-large:10px;--awb-spacing-right-large:7.68%;--awb-margin-bottom-large:10px;--awb-spacing-left-large:7.68%;--awb-width-medium:100%;--awb-spacing-right-medium:1.92%;--awb-spacing-left-medium:1.92%;--awb-width-small:100%;--awb-spacing-right-small:1.92%;--awb-spacing-left-small:1.92%;\"><div class=\"fusion-column-wrapper fusion-flex-justify-content-flex-start fusion-content-layout-column\"><div class=\"fusion-content-boxes content-boxes columns row fusion-columns-1 fusion-columns-total-1 fusion-content-boxes-1 content-boxes-icon-on-top content-left\" style=\"--awb-hover-accent-color:#cc0000;--awb-circle-hover-accent-color:#cc0000;--awb-item-margin-bottom:40px;\" data-animationOffset=\"top-into-view\"><div style=\"--awb-backgroundcolor:transparent;\" class=\"fusion-column content-box-column content-box-column content-box-column-1 col-lg-12 col-md-12 col-sm-12 fusion-content-box-hover content-box-column-last content-box-column-last-in-row\"><div class=\"col content-box-wrapper content-wrapper link-area-box link-type-text icon-hover-animation-slide\" data-link=\"https:\/\/annaruiz.com.mx\/arw\/media-kit-empresas\/\" data-link-target=\"_blank\" data-animationOffset=\"top-into-view\"><div class=\"heading heading-with-icon icon-left\"><a class=\"heading-link\" href=\"https:\/\/annaruiz.com.mx\/arw\/media-kit-empresas\/\" target=\"_blank\" rel=\"noopener noreferrer\"><div class=\"icon\"><i style=\"border-color:#333c4e;border-width:1px;background-color:#333c4e;box-sizing:content-box;height:80px;width:80px;line-height:80px;border-radius:50%;font-size:40px;\" aria-hidden=\"true\" class=\"fontawesome-icon fa-address-book fas circle-yes\"><\/i><\/div><h2 class=\"content-box-heading fusion-responsive-typography-calculated\" style=\"--h2_typography-font-size:15px;--fontSize:15;line-height:3.33;\">Media Kit Espa\u00f1ol<\/h2><\/a><\/div><\/div><\/div><div class=\"fusion-clearfix\"><\/div><\/div><div class=\"fusion-content-boxes content-boxes columns row fusion-columns-1 fusion-columns-total-1 fusion-content-boxes-2 content-boxes-icon-on-top content-left\" style=\"--awb-hover-accent-color:#cc0000;--awb-circle-hover-accent-color:#cc0000;--awb-item-margin-bottom:40px;\" data-animationOffset=\"top-into-view\"><div style=\"--awb-backgroundcolor:transparent;\" class=\"fusion-column content-box-column content-box-column content-box-column-1 col-lg-12 col-md-12 col-sm-12 fusion-content-box-hover content-box-column-last content-box-column-last-in-row\"><div class=\"col content-box-wrapper content-wrapper link-area-box link-type-text icon-hover-animation-slide\" data-link=\"https:\/\/annaruiz.com.mx\/arw\/media-kit-english\/\" data-link-target=\"_blank\" data-animationOffset=\"top-into-view\"><div class=\"heading heading-with-icon icon-left\"><a class=\"heading-link\" href=\"https:\/\/annaruiz.com.mx\/arw\/media-kit-english\/\" target=\"_blank\" rel=\"noopener noreferrer\"><div class=\"icon\"><i style=\"border-color:#333c4e;border-width:1px;background-color:#333c4e;box-sizing:content-box;height:80px;width:80px;line-height:80px;border-radius:50%;font-size:40px;\" aria-hidden=\"true\" class=\"fontawesome-icon fa-atlas fas circle-yes\"><\/i><\/div><h2 class=\"content-box-heading fusion-responsive-typography-calculated\" style=\"--h2_typography-font-size:15px;--fontSize:15;line-height:3.33;\">Media Kit English<\/h2><\/a><\/div><\/div><\/div><div class=\"fusion-clearfix\"><\/div><\/div><\/div><\/div><div class=\"fusion-layout-column fusion_builder_column fusion-builder-column-3 fusion_builder_column_1_2 1_2 fusion-flex-column\" style=\"--awb-bg-size:cover;--awb-width-large:50%;--awb-margin-top-large:10px;--awb-spacing-right-large:3.84%;--awb-margin-bottom-large:10px;--awb-spacing-left-large:3.84%;--awb-width-medium:100%;--awb-spacing-right-medium:1.92%;--awb-spacing-left-medium:1.92%;--awb-width-small:100%;--awb-spacing-right-small:1.92%;--awb-spacing-left-small:1.92%;\"><div class=\"fusion-column-wrapper fusion-flex-justify-content-flex-start fusion-content-layout-column\"><div class=\"fusion-video fusion-youtube\" style=\"--awb-max-width:600px;--awb-max-height:360px;--awb-align-self:flex-end;--awb-width:100%;\"><div class=\"video-shortcode\"><lite-youtube videoid=\"TzxE5sQsg00\" class=\"landscape\" params=\"wmode=transparent&autoplay=1&amp;enablejsapi=1\" title=\"YouTube video player 1\" data-button-label=\"Play Video\" width=\"600\" height=\"360\" data-thumbnail-size=\"auto\" data-no-cookie=\"on\"><\/lite-youtube><\/div><\/div><\/div><\/div><\/div><\/div><\/p>\n","protected":false},"excerpt":{"rendered":"","protected":false},"author":1,"featured_media":0,"parent":0,"menu_order":0,"comment_status":"closed","ping_status":"closed","template":"","meta":{"footnotes":""},"class_list":["post-2074","page","type-page","status-publish","hentry"],"_links":{"self":[{"href":"https:\/\/annaruiz.com.mx\/arw\/wp-json\/wp\/v2\/pages\/2074","targetHints":{"allow":["GET"]}}],"collection":[{"href":"https:\/\/annaruiz.com.mx\/arw\/wp-json\/wp\/v2\/pages"}],"about":[{"href":"https:\/\/annaruiz.com.mx\/arw\/wp-json\/wp\/v2\/types\/page"}],"author":[{"embeddable":true,"href":"https:\/\/annaruiz.com.mx\/arw\/wp-json\/wp\/v2\/users\/1"}],"replies":[{"embeddable":true,"href":"https:\/\/annaruiz.com.mx\/arw\/wp-json\/wp\/v2\/comments?post=2074"}],"version-history":[{"count":5,"href":"https:\/\/annaruiz.com.mx\/arw\/wp-json\/wp\/v2\/pages\/2074\/revisions"}],"predecessor-version":[{"id":26046,"href":"https:\/\/annaruiz.com.mx\/arw\/wp-json\/wp\/v2\/pages\/2074\/revisions\/26046"}],"wp:attachment":[{"href":"https:\/\/annaruiz.com.mx\/arw\/wp-json\/wp\/v2\/media?parent=2074"}],"curies":[{"name":"wp","href":"https:\/\/api.w.org\/{rel}","templated":true}]}}