{"id":18422,"date":"2020-05-13T18:38:44","date_gmt":"2020-05-14T00:38:44","guid":{"rendered":"https:\/\/annaruiz.com.mx\/arw\/?post_type=product&#038;p=18422"},"modified":"2024-10-06T15:04:00","modified_gmt":"2024-10-06T21:04:00","slug":"colorante-chefmaster-1oz-28-35g-varios-colores","status":"publish","type":"product","link":"https:\/\/annaruiz.com.mx\/arw\/product\/colorante-chefmaster-1oz-28-35g-varios-colores\/","title":{"rendered":"Colorante Chefmaster 1oz (28.35g) Varios colores"},"content":{"rendered":"<div class=\"rte product-single__description\">\n<p>Con Chefmaster\u00ae, tus recetas lucir\u00e1n colores intensos, brillantes y v\u00edvidos, adem\u00e1s, su f\u00f3rmula se amolda a una amplia variedad de proyectos de cocci\u00f3n y horneado.<\/p>\n<p>Estos colores altamente concentrados pueden ser utilizados tanto por profesionales como aficionados de la reposter\u00eda y gastronom\u00eda, son f\u00e1ciles de mezclar y cuentan con certificaci\u00f3n Kosher y Halal.<\/p>\n<p>Presentaci\u00f3n en envase de 1 oz. (28.35g).<\/p>\n<\/div>\n","protected":false},"excerpt":{"rendered":"<p>Con Chefmaster\u00ae, tus recetas lucir\u00e1n colores intensos, brillantes y v\u00edvidos, adem\u00e1s, su f\u00f3rmula se amolda a una amplia variedad de proyectos de cocci\u00f3n y horneado. Estos colores altamente concentrados pueden ser utilizados tanto por profesionales como aficionados de la reposter\u00eda y gastronom\u00eda, son f\u00e1ciles de mezclar y cuentan con certificaci\u00f3n Kosher y Halal. Presentaci\u00f3n en envase de 1 oz. (28.35g).<\/p>\n","protected":false},"featured_media":21833,"comment_status":"open","ping_status":"closed","template":"","meta":[],"product_brand":[],"product_cat":[34,15],"product_tag":[],"class_list":{"0":"post-18422","1":"product","2":"type-product","3":"status-publish","4":"has-post-thumbnail","6":"product_cat-decoracion","7":"product_cat-uncategorized","9":"first","10":"instock","11":"shipping-taxable","12":"purchasable","13":"product-type-variable"},"_links":{"self":[{"href":"https:\/\/annaruiz.com.mx\/arw\/wp-json\/wp\/v2\/product\/18422","targetHints":{"allow":["GET"]}}],"collection":[{"href":"https:\/\/annaruiz.com.mx\/arw\/wp-json\/wp\/v2\/product"}],"about":[{"href":"https:\/\/annaruiz.com.mx\/arw\/wp-json\/wp\/v2\/types\/product"}],"replies":[{"embeddable":true,"href":"https:\/\/annaruiz.com.mx\/arw\/wp-json\/wp\/v2\/comments?post=18422"}],"wp:featuredmedia":[{"embeddable":true,"href":"https:\/\/annaruiz.com.mx\/arw\/wp-json\/wp\/v2\/media\/21833"}],"wp:attachment":[{"href":"https:\/\/annaruiz.com.mx\/arw\/wp-json\/wp\/v2\/media?parent=18422"}],"wp:term":[{"taxonomy":"product_brand","embeddable":true,"href":"https:\/\/annaruiz.com.mx\/arw\/wp-json\/wp\/v2\/product_brand?post=18422"},{"taxonomy":"product_cat","embeddable":true,"href":"https:\/\/annaruiz.com.mx\/arw\/wp-json\/wp\/v2\/product_cat?post=18422"},{"taxonomy":"product_tag","embeddable":true,"href":"https:\/\/annaruiz.com.mx\/arw\/wp-json\/wp\/v2\/product_tag?post=18422"}],"curies":[{"name":"wp","href":"https:\/\/api.w.org\/{rel}","templated":true}]}}