{"id":18508,"date":"2020-05-15T16:44:38","date_gmt":"2020-05-15T22:44:38","guid":{"rendered":"https:\/\/annaruiz.com.mx\/arw\/?post_type=product&#038;p=18508"},"modified":"2022-03-06T16:36:52","modified_gmt":"2022-03-06T22:36:52","slug":"domos-para-pastel-redondos-de-plastico-reciclado-tamanos-8-9-10-y-12","status":"publish","type":"product","link":"https:\/\/annaruiz.com.mx\/arw\/product\/domos-para-pastel-redondos-de-plastico-reciclado-tamanos-8-9-10-y-12\/","title":{"rendered":"Domos para pastel Redondos de pl\u00e1stico reciclado (tama\u00f1os 8, 9, 10)"},"content":{"rendered":"<p>Domos de pl\u00e1stico reciclables marca WOW, ideales para llevar y presentar pasteles.<\/p>\n","protected":false},"excerpt":{"rendered":"<p>Domos de pl\u00e1stico reciclables marca WOW, ideales para llevar y presentar pasteles.<\/p>\n","protected":false},"featured_media":18507,"comment_status":"open","ping_status":"closed","template":"","meta":[],"product_brand":[],"product_cat":[114],"product_tag":[],"class_list":{"0":"post-18508","1":"product","2":"type-product","3":"status-publish","4":"has-post-thumbnail","6":"product_cat-domos","8":"first","9":"instock","10":"shipping-taxable","11":"purchasable","12":"product-type-variable"},"_links":{"self":[{"href":"https:\/\/annaruiz.com.mx\/arw\/wp-json\/wp\/v2\/product\/18508","targetHints":{"allow":["GET"]}}],"collection":[{"href":"https:\/\/annaruiz.com.mx\/arw\/wp-json\/wp\/v2\/product"}],"about":[{"href":"https:\/\/annaruiz.com.mx\/arw\/wp-json\/wp\/v2\/types\/product"}],"replies":[{"embeddable":true,"href":"https:\/\/annaruiz.com.mx\/arw\/wp-json\/wp\/v2\/comments?post=18508"}],"wp:featuredmedia":[{"embeddable":true,"href":"https:\/\/annaruiz.com.mx\/arw\/wp-json\/wp\/v2\/media\/18507"}],"wp:attachment":[{"href":"https:\/\/annaruiz.com.mx\/arw\/wp-json\/wp\/v2\/media?parent=18508"}],"wp:term":[{"taxonomy":"product_brand","embeddable":true,"href":"https:\/\/annaruiz.com.mx\/arw\/wp-json\/wp\/v2\/product_brand?post=18508"},{"taxonomy":"product_cat","embeddable":true,"href":"https:\/\/annaruiz.com.mx\/arw\/wp-json\/wp\/v2\/product_cat?post=18508"},{"taxonomy":"product_tag","embeddable":true,"href":"https:\/\/annaruiz.com.mx\/arw\/wp-json\/wp\/v2\/product_tag?post=18508"}],"curies":[{"name":"wp","href":"https:\/\/api.w.org\/{rel}","templated":true}]}}