{"id":5428,"date":"2019-05-21T12:46:37","date_gmt":"2019-05-21T18:46:37","guid":{"rendered":"https:\/\/annaruiz.com.mx\/arw\/?post_type=product&#038;p=5428"},"modified":"2021-02-09T16:30:31","modified_gmt":"2021-02-09T22:30:31","slug":"fondant-alegria","status":"publish","type":"product","link":"https:\/\/annaruiz.com.mx\/arw\/product\/fondant-alegria\/","title":{"rendered":"Fondant Alegria Varios Tama\u00f1os"},"content":{"rendered":"<p>El fondant alegr\u00eda es una combinaci\u00f3n de azucares con un delicioso sabor vainilla. Es un producto f\u00e1cil de usar y extender, muy flexible y no se reseca.<\/p>\n<p>Varios tama\u00f1os:<\/p>\n<p>Bote .500 kg<\/p>\n<p>Cubeta 1.250 kg<\/p>\n<p>Cubeta 9.800 kg<\/p>\n","protected":false},"excerpt":{"rendered":"<p>El fondant alegr\u00eda es una combinaci\u00f3n de azucares con un delicioso sabor vainilla. Es un producto f\u00e1cil de usar y extender, muy flexible y no se reseca.<\/p>\n","protected":false},"featured_media":5434,"comment_status":"open","ping_status":"closed","template":"","meta":[],"product_brand":[],"product_cat":[34,37],"product_tag":[],"class_list":{"0":"post-5428","1":"product","2":"type-product","3":"status-publish","4":"has-post-thumbnail","6":"product_cat-decoracion","7":"product_cat-fondant","9":"first","10":"outofstock","11":"shipping-taxable","12":"purchasable","13":"product-type-variable","14":"has-default-attributes"},"_links":{"self":[{"href":"https:\/\/annaruiz.com.mx\/arw\/wp-json\/wp\/v2\/product\/5428","targetHints":{"allow":["GET"]}}],"collection":[{"href":"https:\/\/annaruiz.com.mx\/arw\/wp-json\/wp\/v2\/product"}],"about":[{"href":"https:\/\/annaruiz.com.mx\/arw\/wp-json\/wp\/v2\/types\/product"}],"replies":[{"embeddable":true,"href":"https:\/\/annaruiz.com.mx\/arw\/wp-json\/wp\/v2\/comments?post=5428"}],"wp:featuredmedia":[{"embeddable":true,"href":"https:\/\/annaruiz.com.mx\/arw\/wp-json\/wp\/v2\/media\/5434"}],"wp:attachment":[{"href":"https:\/\/annaruiz.com.mx\/arw\/wp-json\/wp\/v2\/media?parent=5428"}],"wp:term":[{"taxonomy":"product_brand","embeddable":true,"href":"https:\/\/annaruiz.com.mx\/arw\/wp-json\/wp\/v2\/product_brand?post=5428"},{"taxonomy":"product_cat","embeddable":true,"href":"https:\/\/annaruiz.com.mx\/arw\/wp-json\/wp\/v2\/product_cat?post=5428"},{"taxonomy":"product_tag","embeddable":true,"href":"https:\/\/annaruiz.com.mx\/arw\/wp-json\/wp\/v2\/product_tag?post=5428"}],"curies":[{"name":"wp","href":"https:\/\/api.w.org\/{rel}","templated":true}]}}