{"id":5446,"date":"2019-05-28T09:58:09","date_gmt":"2019-05-28T15:58:09","guid":{"rendered":"https:\/\/annaruiz.com.mx\/arw\/?post_type=product&#038;p=5446"},"modified":"2021-01-15T15:06:59","modified_gmt":"2021-01-15T21:06:59","slug":"highlighter-silver-abrillantador-metalico-plateado-5gr","status":"publish","type":"product","link":"https:\/\/annaruiz.com.mx\/arw\/product\/highlighter-silver-abrillantador-metalico-plateado-5gr\/","title":{"rendered":"Highlighter Silver (Abrillantador met\u00e1lico plateado) 5gr"},"content":{"rendered":"<p>Highlighter Silver (Abrillantador met\u00e1lico plateado) 5gr perfecto para detalles de decoraci\u00f3n, el mejor en el mercado.<\/p>\n","protected":false},"excerpt":{"rendered":"<p>Highlighter Silver (Abrillantador met\u00e1lico plateado) 5gr, perfecto para detalles de decoraci\u00f3n, el mejor en el mercado.<\/p>\n","protected":false},"featured_media":5468,"comment_status":"open","ping_status":"closed","template":"","meta":[],"product_brand":[],"product_cat":[34,36],"product_tag":[],"class_list":{"0":"post-5446","1":"product","2":"type-product","3":"status-publish","4":"has-post-thumbnail","6":"product_cat-decoracion","7":"product_cat-diamantinas-y-matizadores","9":"first","10":"outofstock","11":"shipping-taxable","12":"purchasable","13":"product-type-simple"},"_links":{"self":[{"href":"https:\/\/annaruiz.com.mx\/arw\/wp-json\/wp\/v2\/product\/5446","targetHints":{"allow":["GET"]}}],"collection":[{"href":"https:\/\/annaruiz.com.mx\/arw\/wp-json\/wp\/v2\/product"}],"about":[{"href":"https:\/\/annaruiz.com.mx\/arw\/wp-json\/wp\/v2\/types\/product"}],"replies":[{"embeddable":true,"href":"https:\/\/annaruiz.com.mx\/arw\/wp-json\/wp\/v2\/comments?post=5446"}],"wp:featuredmedia":[{"embeddable":true,"href":"https:\/\/annaruiz.com.mx\/arw\/wp-json\/wp\/v2\/media\/5468"}],"wp:attachment":[{"href":"https:\/\/annaruiz.com.mx\/arw\/wp-json\/wp\/v2\/media?parent=5446"}],"wp:term":[{"taxonomy":"product_brand","embeddable":true,"href":"https:\/\/annaruiz.com.mx\/arw\/wp-json\/wp\/v2\/product_brand?post=5446"},{"taxonomy":"product_cat","embeddable":true,"href":"https:\/\/annaruiz.com.mx\/arw\/wp-json\/wp\/v2\/product_cat?post=5446"},{"taxonomy":"product_tag","embeddable":true,"href":"https:\/\/annaruiz.com.mx\/arw\/wp-json\/wp\/v2\/product_tag?post=5446"}],"curies":[{"name":"wp","href":"https:\/\/api.w.org\/{rel}","templated":true}]}}