{"id":5469,"date":"2019-05-28T17:02:06","date_gmt":"2019-05-28T23:02:06","guid":{"rendered":"https:\/\/annaruiz.com.mx\/arw\/?post_type=product&#038;p=5469"},"modified":"2022-12-19T19:07:27","modified_gmt":"2022-12-20T01:07:27","slug":"dummy-de-unicel-redondo-comprimido","status":"publish","type":"product","link":"https:\/\/annaruiz.com.mx\/arw\/product\/dummy-de-unicel-redondo-comprimido\/","title":{"rendered":"Dummy de Unicel Redondo Comprimido (Varios Tama\u00f1os)"},"content":{"rendered":"<p>Dummy de Unicel Redondo, con grado de compresi\u00f3n especial ideal para forrar con fondant o crema, medidas: Di\u00e1metro\/Altura <b>8&#215;8, 10&#215;10, 12&#215;12, 15&#215;12, 18&#215;12, 20&#215;12, 23&#215;12, 24&#215;12, 25&#215;12, 28&#215;12, 30&#215;12, 35&#215;12, 40&#215;12, 45&#215;12, 50&#215;12, para pedidos especiales favor de comunicarse con nosotros. (en los pedidos tomar en cuenta 4 d\u00edas h\u00e1biles para entrega).<\/b><\/p>\n","protected":false},"excerpt":{"rendered":"<p>Dummy de Unicel Redondo, con grado de compresi\u00f3n especial<\/p>\n","protected":false},"featured_media":5487,"comment_status":"open","ping_status":"closed","template":"","meta":[],"product_brand":[],"product_cat":[34,35],"product_tag":[],"class_list":{"0":"post-5469","1":"product","2":"type-product","3":"status-publish","4":"has-post-thumbnail","6":"product_cat-decoracion","7":"product_cat-unicel","9":"first","10":"instock","11":"shipping-taxable","12":"purchasable","13":"product-type-variable"},"_links":{"self":[{"href":"https:\/\/annaruiz.com.mx\/arw\/wp-json\/wp\/v2\/product\/5469","targetHints":{"allow":["GET"]}}],"collection":[{"href":"https:\/\/annaruiz.com.mx\/arw\/wp-json\/wp\/v2\/product"}],"about":[{"href":"https:\/\/annaruiz.com.mx\/arw\/wp-json\/wp\/v2\/types\/product"}],"replies":[{"embeddable":true,"href":"https:\/\/annaruiz.com.mx\/arw\/wp-json\/wp\/v2\/comments?post=5469"}],"wp:featuredmedia":[{"embeddable":true,"href":"https:\/\/annaruiz.com.mx\/arw\/wp-json\/wp\/v2\/media\/5487"}],"wp:attachment":[{"href":"https:\/\/annaruiz.com.mx\/arw\/wp-json\/wp\/v2\/media?parent=5469"}],"wp:term":[{"taxonomy":"product_brand","embeddable":true,"href":"https:\/\/annaruiz.com.mx\/arw\/wp-json\/wp\/v2\/product_brand?post=5469"},{"taxonomy":"product_cat","embeddable":true,"href":"https:\/\/annaruiz.com.mx\/arw\/wp-json\/wp\/v2\/product_cat?post=5469"},{"taxonomy":"product_tag","embeddable":true,"href":"https:\/\/annaruiz.com.mx\/arw\/wp-json\/wp\/v2\/product_tag?post=5469"}],"curies":[{"name":"wp","href":"https:\/\/api.w.org\/{rel}","templated":true}]}}