{"id":5738,"date":"2019-06-14T15:40:12","date_gmt":"2019-06-14T21:40:12","guid":{"rendered":"https:\/\/annaruiz.com.mx\/arw\/?post_type=product&#038;p=5738"},"modified":"2025-01-21T10:49:20","modified_gmt":"2025-01-21T16:49:20","slug":"chocolate-callebaut-van-leer-caja-13-6-kg","status":"publish","type":"product","link":"https:\/\/annaruiz.com.mx\/arw\/product\/chocolate-callebaut-van-leer-caja-13-6-kg\/","title":{"rendered":"Chocolate Callebaut Van Leer Caja (13.6 kg)"},"content":{"rendered":"<p>Chocolate ideal para coberturas profesionales. Blanco, Leche, Semiamargo y Amargo.<br \/>\nLa marca Van Leer asegura un delicioso sabor y un acabado profesional, adem\u00e1s tiene certificaci\u00f3n Kosher, Presentaci\u00f3n en Caja de 13.6 Kg<\/p>\n<div class=\"fusion-image-element in-legacy-container\" style=\"--awb-caption-title-font-family:var(--h2_typography-font-family);--awb-caption-title-font-weight:var(--h2_typography-font-weight);--awb-caption-title-font-style:var(--h2_typography-font-style);--awb-caption-title-size:var(--h2_typography-font-size);--awb-caption-title-transform:var(--h2_typography-text-transform);--awb-caption-title-line-height:var(--h2_typography-line-height);--awb-caption-title-letter-spacing:var(--h2_typography-letter-spacing);\"><span class=\" fusion-imageframe imageframe-none imageframe-1 hover-type-none\"><img decoding=\"async\" width=\"300\" height=\"300\" title=\"21231341_476840129350431_9073044912843260028_n\" src=\"https:\/\/annaruiz.com.mx\/arw\/wp-content\/uploads\/2019\/06\/21231341_476840129350431_9073044912843260028_n.jpg\" data-orig-src=\"https:\/\/annaruiz.com.mx\/arw\/wp-content\/uploads\/2019\/06\/21231341_476840129350431_9073044912843260028_n-300x300.jpg\" alt class=\"lazyload img-responsive wp-image-5736\" srcset=\"data:image\/svg+xml,%3Csvg%20xmlns%3D%27http%3A%2F%2Fwww.w3.org%2F2000%2Fsvg%27%20width%3D%27960%27%20height%3D%27960%27%20viewBox%3D%270%200%20960%20960%27%3E%3Crect%20width%3D%27960%27%20height%3D%27960%27%20fill-opacity%3D%220%22%2F%3E%3C%2Fsvg%3E\" data-srcset=\"https:\/\/annaruiz.com.mx\/arw\/wp-content\/uploads\/2019\/06\/21231341_476840129350431_9073044912843260028_n-200x200.jpg 200w, https:\/\/annaruiz.com.mx\/arw\/wp-content\/uploads\/2019\/06\/21231341_476840129350431_9073044912843260028_n-400x400.jpg 400w, https:\/\/annaruiz.com.mx\/arw\/wp-content\/uploads\/2019\/06\/21231341_476840129350431_9073044912843260028_n-600x600.jpg 600w, https:\/\/annaruiz.com.mx\/arw\/wp-content\/uploads\/2019\/06\/21231341_476840129350431_9073044912843260028_n-800x800.jpg 800w, https:\/\/annaruiz.com.mx\/arw\/wp-content\/uploads\/2019\/06\/21231341_476840129350431_9073044912843260028_n.jpg 960w\" data-sizes=\"auto\" data-orig-sizes=\"(max-width: 1024px) 100vw, (max-width: 640px) 100vw, 300px\" \/><\/span><\/div>\n","protected":false},"excerpt":{"rendered":"<div class=\"description\">\n<p>Chocolate ideal para coberturas profesionales.<br \/>\nLa marca Van Leer asegura un delicioso sabor y un acabado profesional, adem\u00e1s tiene certificaci\u00f3n Kosher, Presentaci\u00f3n en caja de 13.6 Kg<\/p>\n<\/div>\n<div id=\"product-form-695282335807product-template\" class=\"clearfix product_form product_form_options\" data-money-format=\"$ {{amount}}\" data-shop-currency=\"MXN\" data-select-id=\"product-select-695282335807productproduct-template\" data-enable-state=\"true\" data-product=\"{&quot;id&quot;:695282335807,&quot;title&quot;:&quot;Chocolate oscuro amargo 72.5% cacao&quot;,&quot;handle&quot;:&quot;chocolate-oscuro-semiamargo-73-cacao-vanleer&quot;,&quot;description&quot;:&quot;u003cpu003eChocolate oscuro ideal para u003ca href=&quot;https:\/\/chocolateria.mx\/blogs\/noticias\/5-diferencias-entre-el-chocolate-y-los-sucedaneos&quot; target=&quot;_blank&quot; title=&quot;Cobertura de chocolate&quot; rel=&quot;noopener noreferrer&quot;u003ecoberturasu003c\/au003e profesionales, con 72.5% de cacao lograr\u00e1s bonitos acabados con un sabor que enamora el paladar. u003cbru003eLa marca Van Leer asegura un delicioso sabor y un acabado profesional, adem\u00e1s tiene u003ca href=&quot;https:\/\/chocolateria.mx\/blogs\/noticias\/sabes-que-son-las-certificaciones-kosher-en-la-industria-chocolatera&quot; target=&quot;_blank&quot; title=&quot;Certificacion kosher&quot; rel=&quot;noopener noreferrer&quot;u003ecertificaci\u00f3n Kosheru003c\/au003e Pareve. u003cbru003ePresentaci\u00f3n en bolsa de 1 Kg o caja de 13.61 Kg\u00a0u003cbru003e*Se necesita u003ca href=&quot;https:\/\/chocolateria.mx\/blogs\/noticias\/sabes-que-son-las-certificaciones-kosher-en-la-industria-chocolatera&quot; target=&quot;_blank&quot; title=&quot;Temperar chocolate&quot; rel=&quot;noopener noreferrer&quot;u003etemperaru003c\/au003e para acabados profesionales*u003cbru003e *Cons\u00e9rvalo en un lugar entre 12 y 20 \u00b0C para mantener la calidad*u003c\/pu003e&quot;,&quot;published_at&quot;:&quot;2018-05-14T17:46:42-05:00&quot;,&quot;created_at&quot;:&quot;2018-05-14T17:57:21-05:00&quot;,&quot;vendor&quot;:&quot;Van Leer&quot;,&quot;type&quot;:&quot;CHD-WA-8730311-053&quot;,&quot;tags&quot;:[&quot;73%&quot;,&quot;73-27&quot;,&quot;chocolate oscuro&quot;,&quot;semi amargo&quot;,&quot;semiamargo&quot;,&quot;Van Leer&quot;],&quot;price&quot;:26600,&quot;price_min&quot;:26600,&quot;price_max&quot;:319900,&quot;available&quot;:true,&quot;price_varies&quot;:true,&quot;compare_at_price&quot;:null,&quot;compare_at_price_min&quot;:0,&quot;compare_at_price_max&quot;:0,&quot;compare_at_price_varies&quot;:false,&quot;variants&quot;:[{&quot;id&quot;:7647020941375,&quot;title&quot;:&quot;Bolsa de 1 Kg&quot;,&quot;option1&quot;:&quot;Bolsa de 1 Kg&quot;,&quot;option2&quot;:null,&quot;option3&quot;:null,&quot;sku&quot;:&quot;CHD-WA-8730311-053&quot;,&quot;requires_shipping&quot;:true,&quot;taxable&quot;:true,&quot;featured_image&quot;:null,&quot;available&quot;:true,&quot;name&quot;:&quot;Chocolate oscuro amargo 72.5% cacao - Bolsa de 1 Kg&quot;,&quot;public_title&quot;:&quot;Bolsa de 1 Kg&quot;,&quot;options&quot;:[&quot;Bolsa de 1 Kg&quot;],&quot;price&quot;:26600,&quot;weight&quot;:1500,&quot;compare_at_price&quot;:null,&quot;inventory_management&quot;:null,&quot;barcode&quot;:&quot;&quot;},{&quot;id&quot;:7647020974143,&quot;title&quot;:&quot;Caja de 13.61 Kg&quot;,&quot;option1&quot;:&quot;Caja de 13.61 Kg&quot;,&quot;option2&quot;:null,&quot;option3&quot;:null,&quot;sku&quot;:&quot;CHD-WA-8730311-053&quot;,&quot;requires_shipping&quot;:true,&quot;taxable&quot;:true,&quot;featured_image&quot;:null,&quot;available&quot;:true,&quot;name&quot;:&quot;Chocolate oscuro amargo 72.5% cacao - Caja de 13.61 Kg&quot;,&quot;public_title&quot;:&quot;Caja de 13.61 Kg&quot;,&quot;options&quot;:[&quot;Caja de 13.61 Kg&quot;],&quot;price&quot;:319900,&quot;weight&quot;:15000,&quot;compare_at_price&quot;:null,&quot;inventory_management&quot;:null,&quot;barcode&quot;:&quot;&quot;}],&quot;images&quot;:[&quot;\/\/cdn.shopify.com\/s\/files\/1\/0020\/9046\/7391\/products\/Oscuro_f288a23c-113d-4a7f-8959-5e74b6f9ad55.png?v=1530756156&quot;],&quot;featured_image&quot;:&quot;\/\/cdn.shopify.com\/s\/files\/1\/0020\/9046\/7391\/products\/Oscuro_f288a23c-113d-4a7f-8959-5e74b6f9ad55.png?v=1530756156&quot;,&quot;options&quot;:[&quot;Tama\u00f1o&quot;],&quot;content&quot;:&quot;u003cpu003eChocolate oscuro ideal para u003ca href=&quot;https:\/\/chocolateria.mx\/blogs\/noticias\/5-diferencias-entre-el-chocolate-y-los-sucedaneos&quot; target=&quot;_blank&quot; title=&quot;Cobertura de chocolate&quot; rel=&quot;noopener noreferrer&quot;u003ecoberturasu003c\/au003e profesionales, con 72.5% de cacao lograr\u00e1s bonitos acabados con un sabor que enamora el paladar. u003cbru003eLa marca Van Leer asegura un delicioso sabor y un acabado profesional, adem\u00e1s tiene u003ca href=&quot;https:\/\/chocolateria.mx\/blogs\/noticias\/sabes-que-son-las-certificaciones-kosher-en-la-industria-chocolatera&quot; target=&quot;_blank&quot; title=&quot;Certificacion kosher&quot; rel=&quot;noopener noreferrer&quot;u003ecertificaci\u00f3n Kosheru003c\/au003e Pareve. u003cbru003ePresentaci\u00f3n en bolsa de 1 Kg o caja de 13.61 Kg\u00a0u003cbru003e*Se necesita u003ca href=&quot;https:\/\/chocolateria.mx\/blogs\/noticias\/sabes-que-son-las-certificaciones-kosher-en-la-industria-chocolatera&quot; target=&quot;_blank&quot; title=&quot;Temperar chocolate&quot; rel=&quot;noopener noreferrer&quot;u003etemperaru003c\/au003e para acabados profesionales*u003cbru003e *Cons\u00e9rvalo en un lugar entre 12 y 20 \u00b0C para mantener la calidad*u003c\/pu003e&quot;}\" data-product-id=\"695282335807\">\n<form id=\"product_form_695282335807\" class=\"shopify-product-form\" accept-charset=\"UTF-8\" action=\"https:\/\/central-gourmet.mx\/cart\/add\" enctype=\"multipart\/form-data\" method=\"post\">\n<div class=\"select\"><\/div>\n<\/form>\n<\/div>\n","protected":false},"featured_media":5746,"comment_status":"open","ping_status":"closed","template":"","meta":[],"product_brand":[],"product_cat":[43],"product_tag":[44,48,46,47,45],"class_list":{"0":"post-5738","1":"product","2":"type-product","3":"status-publish","4":"has-post-thumbnail","6":"product_cat-chocolate","7":"product_tag-chocolate","8":"product_tag-cobertura","9":"product_tag-insumos","10":"product_tag-materia-prima","11":"product_tag-van-leer","13":"first","14":"onbackorder","15":"shipping-taxable","16":"purchasable","17":"product-type-variable"},"_links":{"self":[{"href":"https:\/\/annaruiz.com.mx\/arw\/wp-json\/wp\/v2\/product\/5738","targetHints":{"allow":["GET"]}}],"collection":[{"href":"https:\/\/annaruiz.com.mx\/arw\/wp-json\/wp\/v2\/product"}],"about":[{"href":"https:\/\/annaruiz.com.mx\/arw\/wp-json\/wp\/v2\/types\/product"}],"replies":[{"embeddable":true,"href":"https:\/\/annaruiz.com.mx\/arw\/wp-json\/wp\/v2\/comments?post=5738"}],"wp:featuredmedia":[{"embeddable":true,"href":"https:\/\/annaruiz.com.mx\/arw\/wp-json\/wp\/v2\/media\/5746"}],"wp:attachment":[{"href":"https:\/\/annaruiz.com.mx\/arw\/wp-json\/wp\/v2\/media?parent=5738"}],"wp:term":[{"taxonomy":"product_brand","embeddable":true,"href":"https:\/\/annaruiz.com.mx\/arw\/wp-json\/wp\/v2\/product_brand?post=5738"},{"taxonomy":"product_cat","embeddable":true,"href":"https:\/\/annaruiz.com.mx\/arw\/wp-json\/wp\/v2\/product_cat?post=5738"},{"taxonomy":"product_tag","embeddable":true,"href":"https:\/\/annaruiz.com.mx\/arw\/wp-json\/wp\/v2\/product_tag?post=5738"}],"curies":[{"name":"wp","href":"https:\/\/api.w.org\/{rel}","templated":true}]}}