{"id":6196,"date":"2019-07-01T10:59:03","date_gmt":"2019-07-01T16:59:03","guid":{"rendered":"https:\/\/annaruiz.com.mx\/arw\/?post_type=product&#038;p=6196"},"modified":"2025-04-11T13:53:28","modified_gmt":"2025-04-11T19:53:28","slug":"cocoa-en-polvo-extra-brute-cacao-barry-1kg-y-250gr","status":"publish","type":"product","link":"https:\/\/annaruiz.com.mx\/arw\/product\/cocoa-en-polvo-extra-brute-cacao-barry-1kg-y-250gr\/","title":{"rendered":"Cocoa en Polvo Extra Brute Cacao Barry 1kg y 250gr"},"content":{"rendered":"<p><strong>Una base estupenda para aromatizar, te\u00f1ir y texturizar.<\/strong><br \/>\nEl cacao en polvo de Callebaut\u00ae es cacao puro 100%, prensado a partir de la misma mezcla excelente que se utiliza para crear nuestro Finest Belgian Chocolate. Tiene un c\u00e1lido color marr\u00f3n rojizo y un sabor a chocolate rotundo y muy agradable que viene principalmente de la mezcla de habas de \u00c1frica occidental que forma su base. Est\u00e1 aderezado con habas arom\u00e1ticas de otras regiones de \u00c1frica, Latinoam\u00e9rica y Asia.<br \/>\nEste cacao en polvo tiene adem\u00e1s una fin\u00edsima textura, por lo que puede incorporarse a masas y l\u00edquidos, por ejemplo para aromatizar y te\u00f1ir bizcochos, galletas, helados, postres, bebidas, etc. Su delicioso sabor y color convierten este cacao en polvo en un elemento imprescindible para decorar y dar el toque final tambi\u00e9n a sus postres.<\/p>\n","protected":false},"excerpt":{"rendered":"<p>El cacao en polvo de Callebaut\u00ae es cacao puro 100%, prensado a partir de la misma mezcla excelente que se utiliza para crear Finest Belgian Chocolate. Tiene un c\u00e1lido color marr\u00f3n rojizo y un sabor a chocolate rotundo y muy agradable que viene principalmente de la mezcla de habas de \u00c1frica occidental que forma su base.<\/p>\n","protected":false},"featured_media":18341,"comment_status":"open","ping_status":"closed","template":"","meta":[],"product_brand":[],"product_cat":[43],"product_tag":[55],"class_list":{"0":"post-6196","1":"product","2":"type-product","3":"status-publish","4":"has-post-thumbnail","6":"product_cat-chocolate","7":"product_tag-cocoa-callebaut-cacao-barry","9":"first","10":"outofstock","11":"shipping-taxable","12":"purchasable","13":"product-type-variable"},"_links":{"self":[{"href":"https:\/\/annaruiz.com.mx\/arw\/wp-json\/wp\/v2\/product\/6196","targetHints":{"allow":["GET"]}}],"collection":[{"href":"https:\/\/annaruiz.com.mx\/arw\/wp-json\/wp\/v2\/product"}],"about":[{"href":"https:\/\/annaruiz.com.mx\/arw\/wp-json\/wp\/v2\/types\/product"}],"replies":[{"embeddable":true,"href":"https:\/\/annaruiz.com.mx\/arw\/wp-json\/wp\/v2\/comments?post=6196"}],"wp:featuredmedia":[{"embeddable":true,"href":"https:\/\/annaruiz.com.mx\/arw\/wp-json\/wp\/v2\/media\/18341"}],"wp:attachment":[{"href":"https:\/\/annaruiz.com.mx\/arw\/wp-json\/wp\/v2\/media?parent=6196"}],"wp:term":[{"taxonomy":"product_brand","embeddable":true,"href":"https:\/\/annaruiz.com.mx\/arw\/wp-json\/wp\/v2\/product_brand?post=6196"},{"taxonomy":"product_cat","embeddable":true,"href":"https:\/\/annaruiz.com.mx\/arw\/wp-json\/wp\/v2\/product_cat?post=6196"},{"taxonomy":"product_tag","embeddable":true,"href":"https:\/\/annaruiz.com.mx\/arw\/wp-json\/wp\/v2\/product_tag?post=6196"}],"curies":[{"name":"wp","href":"https:\/\/api.w.org\/{rel}","templated":true}]}}