{"id":6205,"date":"2019-07-01T11:35:38","date_gmt":"2019-07-01T17:35:38","guid":{"rendered":"https:\/\/annaruiz.com.mx\/arw\/?post_type=product&#038;p=6205"},"modified":"2025-04-11T15:44:05","modified_gmt":"2025-04-11T21:44:05","slug":"cocoa-en-polvo-republica-del-cacao-2-25kg-y-250gr","status":"publish","type":"product","link":"https:\/\/annaruiz.com.mx\/arw\/product\/cocoa-en-polvo-republica-del-cacao-2-25kg-y-250gr\/","title":{"rendered":"Cocoa en Polvo Rep\u00fablica del Cacao 2.25kg y 250gr"},"content":{"rendered":"<h2>FUERTE SABOR A CACAO \/ ESPECIADO<\/h2>\n<p>Creado de la combinaci\u00f3n de varios or\u00edgenes, este cacao en polvo contiene el m\u00e1s alto contenido de manteca de cacao natural que se puede encontrar hoy en el mercado. Exhibe el maravilloso color de las maderas tropicales, del vivo tono rojizo de la caoba. Un producto que despertara los colores de sus pasteles.<\/p>\n<p>\u2022 Un sabor a cacao puro y redondo para cada uso<\/p>\n<p>\u2022 Los bizcochos cocidos son m\u00e1s suaves y blandos<\/p>\n<p>\u2022 Hace m\u00e1s c\u00e1lido y atractivo el color del glas\u00e9 y de las salsas<\/p>\n<p>\u2022 Aporta un delicioso sabor a bebidas, sorbetes y helados<\/p>\n<h2>INGREDIENTES<\/h2>\n<p>Cacao en polvo. Posible presencia de frutos con c\u00e1scara (almendras, avellanas, pistacho, nueces de pecan), cacahuate, gluten, semillas de s\u00e9samo, prote\u00ednas de leche, soya y huevo. Este producto se produce en una instalaci\u00f3n que tambi\u00e9n usa leche.<\/p>\n","protected":false},"excerpt":{"rendered":"<p>Creado de la combinaci\u00f3n de varios or\u00edgenes, este cacao en polvo contiene el m\u00e1s alto contenido de manteca de cacao natural que se puede encontrar hoy en el mercado. Exhibe el maravilloso color de las maderas tropicales, del vivo tono rojizo de la caoba. Un producto que despertara los colores de sus pasteles.<\/p>\n","protected":false},"featured_media":6213,"comment_status":"open","ping_status":"closed","template":"","meta":[],"product_brand":[],"product_cat":[43],"product_tag":[44,107,106,105],"class_list":{"0":"post-6205","1":"product","2":"type-product","3":"status-publish","4":"has-post-thumbnail","6":"product_cat-chocolate","7":"product_tag-chocolate","8":"product_tag-cocoa","9":"product_tag-gourmet","10":"product_tag-republica-del-cacao","12":"first","13":"instock","14":"shipping-taxable","15":"purchasable","16":"product-type-variable"},"_links":{"self":[{"href":"https:\/\/annaruiz.com.mx\/arw\/wp-json\/wp\/v2\/product\/6205","targetHints":{"allow":["GET"]}}],"collection":[{"href":"https:\/\/annaruiz.com.mx\/arw\/wp-json\/wp\/v2\/product"}],"about":[{"href":"https:\/\/annaruiz.com.mx\/arw\/wp-json\/wp\/v2\/types\/product"}],"replies":[{"embeddable":true,"href":"https:\/\/annaruiz.com.mx\/arw\/wp-json\/wp\/v2\/comments?post=6205"}],"wp:featuredmedia":[{"embeddable":true,"href":"https:\/\/annaruiz.com.mx\/arw\/wp-json\/wp\/v2\/media\/6213"}],"wp:attachment":[{"href":"https:\/\/annaruiz.com.mx\/arw\/wp-json\/wp\/v2\/media?parent=6205"}],"wp:term":[{"taxonomy":"product_brand","embeddable":true,"href":"https:\/\/annaruiz.com.mx\/arw\/wp-json\/wp\/v2\/product_brand?post=6205"},{"taxonomy":"product_cat","embeddable":true,"href":"https:\/\/annaruiz.com.mx\/arw\/wp-json\/wp\/v2\/product_cat?post=6205"},{"taxonomy":"product_tag","embeddable":true,"href":"https:\/\/annaruiz.com.mx\/arw\/wp-json\/wp\/v2\/product_tag?post=6205"}],"curies":[{"name":"wp","href":"https:\/\/api.w.org\/{rel}","templated":true}]}}