{"id":6214,"date":"2019-07-01T12:27:43","date_gmt":"2019-07-01T18:27:43","guid":{"rendered":"https:\/\/annaruiz.com.mx\/arw\/?post_type=product&#038;p=6214"},"modified":"2025-09-25T12:17:16","modified_gmt":"2025-09-25T18:17:16","slug":"chocolate-blanco-31-de-2-50kg-y-500gr","status":"publish","type":"product","link":"https:\/\/annaruiz.com.mx\/arw\/product\/chocolate-blanco-31-de-2-50kg-y-500gr\/","title":{"rendered":"Chocolate Blanco 31% de 2.50kg y 500gr"},"content":{"rendered":"<h2>BLANCO \/ ORIGEN \u00daNICO \/ CREMOSO<\/h2>\n<p>Presentamos el primer chocolate blanco de origen Ecuador, elaborado \u00edntegramente con productos locales del Ecuador. El cacao y la ca\u00f1a de az\u00facar fueron cultivados en las llanuras costeras del pa\u00eds, cerca del Oc\u00e9ano Pac\u00edfico, y la leche procede de peque\u00f1as comunidades en las faldas del volc\u00e1n Cayambe, cerca a Quito. Es una leche \u00fanica por su dulzor natural y su especial sabor a crema fresca.<\/p>\n<p>INGREDIENTES<\/p>\n<p>Az\u00facar de Ecuador, manteca de cacao de Ecuador, leche entera en polvo de Ecuador, emulsificante (lecitina de soya), extracto natural de vainilla. Posible presencia de frutos con c\u00e1scara (almendras, avellanas, pistacho, nueces de pecan), cacahuate, gluten, semillas de s\u00e9samo, prote\u00ednas de leche y huevo.<\/p>\n","protected":false},"excerpt":{"rendered":"<p>Presentamos el primer chocolate blanco de origen Ecuador, elaborado \u00edntegramente con productos locales del Ecuador. El cacao y la ca\u00f1a de az\u00facar fueron cultivados en las llanuras costeras del pa\u00eds, cerca del Oc\u00e9ano Pac\u00edfico, y la leche procede de peque\u00f1as comunidades en las faldas del volc\u00e1n Cayambe, cerca a Quito. Es una leche \u00fanica por su dulzor natural y su especial sabor a crema fresca.<\/p>\n","protected":false},"featured_media":6217,"comment_status":"open","ping_status":"closed","template":"","meta":[],"product_brand":[],"product_cat":[43],"product_tag":[44,106,105],"class_list":{"0":"post-6214","1":"product","2":"type-product","3":"status-publish","4":"has-post-thumbnail","6":"product_cat-chocolate","7":"product_tag-chocolate","8":"product_tag-gourmet","9":"product_tag-republica-del-cacao","11":"first","12":"onbackorder","13":"shipping-taxable","14":"purchasable","15":"product-type-variable"},"_links":{"self":[{"href":"https:\/\/annaruiz.com.mx\/arw\/wp-json\/wp\/v2\/product\/6214","targetHints":{"allow":["GET"]}}],"collection":[{"href":"https:\/\/annaruiz.com.mx\/arw\/wp-json\/wp\/v2\/product"}],"about":[{"href":"https:\/\/annaruiz.com.mx\/arw\/wp-json\/wp\/v2\/types\/product"}],"replies":[{"embeddable":true,"href":"https:\/\/annaruiz.com.mx\/arw\/wp-json\/wp\/v2\/comments?post=6214"}],"wp:featuredmedia":[{"embeddable":true,"href":"https:\/\/annaruiz.com.mx\/arw\/wp-json\/wp\/v2\/media\/6217"}],"wp:attachment":[{"href":"https:\/\/annaruiz.com.mx\/arw\/wp-json\/wp\/v2\/media?parent=6214"}],"wp:term":[{"taxonomy":"product_brand","embeddable":true,"href":"https:\/\/annaruiz.com.mx\/arw\/wp-json\/wp\/v2\/product_brand?post=6214"},{"taxonomy":"product_cat","embeddable":true,"href":"https:\/\/annaruiz.com.mx\/arw\/wp-json\/wp\/v2\/product_cat?post=6214"},{"taxonomy":"product_tag","embeddable":true,"href":"https:\/\/annaruiz.com.mx\/arw\/wp-json\/wp\/v2\/product_tag?post=6214"}],"curies":[{"name":"wp","href":"https:\/\/api.w.org\/{rel}","templated":true}]}}