{"id":6236,"date":"2019-07-01T13:40:00","date_gmt":"2019-07-01T19:40:00","guid":{"rendered":"https:\/\/annaruiz.com.mx\/arw\/?post_type=product&#038;p=6236"},"modified":"2025-03-04T15:09:55","modified_gmt":"2025-03-04T21:09:55","slug":"chocolate-semiamargo-62-peru-de-2-50kg-y-500gr","status":"publish","type":"product","link":"https:\/\/annaruiz.com.mx\/arw\/product\/chocolate-semiamargo-62-peru-de-2-50kg-y-500gr\/","title":{"rendered":"Chocolate Semiamargo 62% Per\u00fa de 2.50kg y 500gr"},"content":{"rendered":"<h2>ENVOLTURA \/ FRUTAL \/ ACIDEZ<\/h2>\n<p>Este chocolate de color caoba es elaborado con cacao fino de aroma proveniente del noroeste de Per\u00fa. Su perfil sensorial se destaca como fresco, ligeramente \u00e1cido, con algunas notas de mora y cereza. Tiene un final c\u00e1lido almendrado con frutos secos tostados.<\/p>\n<h2>INGREDIENTES<\/h2>\n<p>Licor de cacao de Per\u00fa, az\u00facar, manteca de cacao, emulsificante (lecitina de soya). Posible presencia de frutos con c\u00e1scara (almendras, avellanas, pistacho, nueces de pecan), cacahuate, gluten, semillas de s\u00e9samo, prote\u00ednas de leche y huevo. Este producto se produce en una instalaci\u00f3n que tambi\u00e9n usa leche.<\/p>\n","protected":false},"excerpt":{"rendered":"<p>Hemos recuperado una antigua\u00a0forma de procesar el chocolate,\u00a0caramelizando la leche de forma lenta\u00a0y natural.\u00a0Este proceso ofrece a Ecuador 40% un\u00a0c\u00e1lido y complejo sabor a caramelo,\u00a0que lo distingue de muchos otros\u00a0chocolates.\u00a0Las notas finales muestran miel, frutos\u00a0secos tostados y galletas.<\/p>\n","protected":false},"featured_media":6239,"comment_status":"open","ping_status":"closed","template":"","meta":[],"product_brand":[],"product_cat":[43],"product_tag":[44,106,105],"class_list":{"0":"post-6236","1":"product","2":"type-product","3":"status-publish","4":"has-post-thumbnail","6":"product_cat-chocolate","7":"product_tag-chocolate","8":"product_tag-gourmet","9":"product_tag-republica-del-cacao","11":"first","12":"onbackorder","13":"shipping-taxable","14":"purchasable","15":"product-type-variable"},"_links":{"self":[{"href":"https:\/\/annaruiz.com.mx\/arw\/wp-json\/wp\/v2\/product\/6236","targetHints":{"allow":["GET"]}}],"collection":[{"href":"https:\/\/annaruiz.com.mx\/arw\/wp-json\/wp\/v2\/product"}],"about":[{"href":"https:\/\/annaruiz.com.mx\/arw\/wp-json\/wp\/v2\/types\/product"}],"replies":[{"embeddable":true,"href":"https:\/\/annaruiz.com.mx\/arw\/wp-json\/wp\/v2\/comments?post=6236"}],"wp:featuredmedia":[{"embeddable":true,"href":"https:\/\/annaruiz.com.mx\/arw\/wp-json\/wp\/v2\/media\/6239"}],"wp:attachment":[{"href":"https:\/\/annaruiz.com.mx\/arw\/wp-json\/wp\/v2\/media?parent=6236"}],"wp:term":[{"taxonomy":"product_brand","embeddable":true,"href":"https:\/\/annaruiz.com.mx\/arw\/wp-json\/wp\/v2\/product_brand?post=6236"},{"taxonomy":"product_cat","embeddable":true,"href":"https:\/\/annaruiz.com.mx\/arw\/wp-json\/wp\/v2\/product_cat?post=6236"},{"taxonomy":"product_tag","embeddable":true,"href":"https:\/\/annaruiz.com.mx\/arw\/wp-json\/wp\/v2\/product_tag?post=6236"}],"curies":[{"name":"wp","href":"https:\/\/api.w.org\/{rel}","templated":true}]}}