{"id":6247,"date":"2019-07-01T14:05:30","date_gmt":"2019-07-01T20:05:30","guid":{"rendered":"https:\/\/annaruiz.com.mx\/arw\/?post_type=product&#038;p=6247"},"modified":"2025-05-21T17:50:10","modified_gmt":"2025-05-21T23:50:10","slug":"chocolate-semiamargo-70-blend-de-2-50kg-y-500gr","status":"publish","type":"product","link":"https:\/\/annaruiz.com.mx\/arw\/product\/chocolate-semiamargo-70-blend-de-2-50kg-y-500gr\/","title":{"rendered":"Chocolate Semiamargo 70% Blend de 2.50kg y 500gr"},"content":{"rendered":"<h2>ALTA FLUIDEZ \/ VERS\u00c1TIL \/ EQUILIBRADO<\/h2>\n<p>Este chocolate negro 70% est\u00e1 hecho de una mezcla de cacaos finos de aroma de Ecuador y Per\u00fa. Hemos combinado el perfil frutal de los granos del Per\u00fa con las notas tostadas del Cacao Arriba ecuatoriano, equilibrando acidez y amargura. Esta mezcla tiene notas finales de frutos secos y especias dulces. Es un chocolate muy pr\u00e1ctico y f\u00e1cil de utilizar en reposter\u00eda; muy fluido, adecuado para ba\u00f1o y envoltura.<\/p>\n<p>&nbsp;<\/p>\n<h2>INGREDIENTES<\/h2>\n<p>Licor de cacao de Ecuador y de Per\u00fa, az\u00facar, manteca de cacao, emulsificante (lecitina de soya), extracto natural de vainilla. Posible presencia de frutos con c\u00e1scara (almendras, avellanas, pistacho, nueces de pecan), cacahuate, gluten, semillas de s\u00e9samo, prote\u00ednas de leche y huevo. Este producto se produce en una instalaci\u00f3n que tambi\u00e9n usa leche<\/p>\n","protected":false},"excerpt":{"rendered":"<p>Este chocolate negro 70% est\u00e1 hecho de una mezcla de cacaos finos de aroma de Ecuador y Per\u00fa. Hemos combinado el perfil frutal de los granos del Per\u00fa con las notas tostadas del Cacao Arriba ecuatoriano, equilibrando acidez y amargura. Esta mezcla tiene notas finales de frutos secos y especias dulces. Es un chocolate muy pr\u00e1ctico y f\u00e1cil de utilizar en reposter\u00eda; muy fluido, adecuado para ba\u00f1o y envoltura.<\/p>\n<h2><\/h2>\n","protected":false},"featured_media":6250,"comment_status":"open","ping_status":"closed","template":"","meta":[],"product_brand":[],"product_cat":[43],"product_tag":[44,106,105],"class_list":{"0":"post-6247","1":"product","2":"type-product","3":"status-publish","4":"has-post-thumbnail","6":"product_cat-chocolate","7":"product_tag-chocolate","8":"product_tag-gourmet","9":"product_tag-republica-del-cacao","11":"first","12":"outofstock","13":"shipping-taxable","14":"purchasable","15":"product-type-variable"},"_links":{"self":[{"href":"https:\/\/annaruiz.com.mx\/arw\/wp-json\/wp\/v2\/product\/6247","targetHints":{"allow":["GET"]}}],"collection":[{"href":"https:\/\/annaruiz.com.mx\/arw\/wp-json\/wp\/v2\/product"}],"about":[{"href":"https:\/\/annaruiz.com.mx\/arw\/wp-json\/wp\/v2\/types\/product"}],"replies":[{"embeddable":true,"href":"https:\/\/annaruiz.com.mx\/arw\/wp-json\/wp\/v2\/comments?post=6247"}],"wp:featuredmedia":[{"embeddable":true,"href":"https:\/\/annaruiz.com.mx\/arw\/wp-json\/wp\/v2\/media\/6250"}],"wp:attachment":[{"href":"https:\/\/annaruiz.com.mx\/arw\/wp-json\/wp\/v2\/media?parent=6247"}],"wp:term":[{"taxonomy":"product_brand","embeddable":true,"href":"https:\/\/annaruiz.com.mx\/arw\/wp-json\/wp\/v2\/product_brand?post=6247"},{"taxonomy":"product_cat","embeddable":true,"href":"https:\/\/annaruiz.com.mx\/arw\/wp-json\/wp\/v2\/product_cat?post=6247"},{"taxonomy":"product_tag","embeddable":true,"href":"https:\/\/annaruiz.com.mx\/arw\/wp-json\/wp\/v2\/product_tag?post=6247"}],"curies":[{"name":"wp","href":"https:\/\/api.w.org\/{rel}","templated":true}]}}