{"id":6252,"date":"2019-07-01T14:25:47","date_gmt":"2019-07-01T20:25:47","guid":{"rendered":"https:\/\/annaruiz.com.mx\/arw\/?post_type=product&#038;p=6252"},"modified":"2024-10-31T15:33:15","modified_gmt":"2024-10-31T21:33:15","slug":"chocolate-semiamargo-75-amazonia-de-2-50kg-y-500gr","status":"publish","type":"product","link":"https:\/\/annaruiz.com.mx\/arw\/product\/chocolate-semiamargo-75-amazonia-de-2-50kg-y-500gr\/","title":{"rendered":"Chocolate Semiamargo 75% Amazonia de 2.50kg y 500gr"},"content":{"rendered":"<h2>MADERA Y FRUTOS SECOS \/ CACAO SACHA \/ MULTIUSO<\/h2>\n<p>Chocolate sorprendente, \u00fanico, sutil y con notas de almendra. Producido con la variedad de cacao fino de Ecuador \u201cSacha\u201d, proveniente de la Amazon\u00eda ecuatoriana, cerca a La Joya de los Sachas , provincia de Orellana. Este chocolate a pesar de contar con un alto porcentaje de cacao, presenta un perfil redondo con notas muy dulces a frutos secos como almendras y avellanas. Es caracter\u00edstico encontrar notas suaves a coco, intensas notas a cacao tostado y de largo regusto en la boca. Posee sabores terrosos y amaderados que lo llevan a recordar un bosque.<\/p>\n<h2>INGREDIENTES<\/h2>\n<p>Licor de cacao de la Amazon\u00eda de Ecuador, az\u00facar, manteca de cacao, emulsificante (lecitina de soya), extracto natural de vainilla. Este producto puede contener trazas de nueces (almendras, avellanas, pistacho, nueces de pecan), cacahuate, gluten, semillas de s\u00e9samo y prote\u00ednas de leche y huevo. Este producto se produce en una instalaci\u00f3n que tambi\u00e9n usa leche.<\/p>\n","protected":false},"excerpt":{"rendered":"<p>Chocolate sorprendente, \u00fanico, sutil y con notas de almendra. Producido con la variedad de cacao fino de Ecuador \u201cSacha\u201d, proveniente de la Amazon\u00eda ecuatoriana, cerca a La Joya de los Sachas , provincia de Orellana. Este chocolate a pesar de contar con un alto porcentaje de cacao, presenta un perfil redondo con notas muy dulces a frutos secos como almendras y avellanas. Es caracter\u00edstico encontrar notas suaves a coco, intensas notas a cacao tostado y de largo regusto en la boca. Posee sabores terrosos y amaderados que lo llevan a recordar un bosque.<\/p>\n","protected":false},"featured_media":6255,"comment_status":"open","ping_status":"closed","template":"","meta":[],"product_brand":[],"product_cat":[43],"product_tag":[],"class_list":{"0":"post-6252","1":"product","2":"type-product","3":"status-publish","4":"has-post-thumbnail","6":"product_cat-chocolate","8":"first","9":"onbackorder","10":"shipping-taxable","11":"product-type-simple"},"_links":{"self":[{"href":"https:\/\/annaruiz.com.mx\/arw\/wp-json\/wp\/v2\/product\/6252","targetHints":{"allow":["GET"]}}],"collection":[{"href":"https:\/\/annaruiz.com.mx\/arw\/wp-json\/wp\/v2\/product"}],"about":[{"href":"https:\/\/annaruiz.com.mx\/arw\/wp-json\/wp\/v2\/types\/product"}],"replies":[{"embeddable":true,"href":"https:\/\/annaruiz.com.mx\/arw\/wp-json\/wp\/v2\/comments?post=6252"}],"wp:featuredmedia":[{"embeddable":true,"href":"https:\/\/annaruiz.com.mx\/arw\/wp-json\/wp\/v2\/media\/6255"}],"wp:attachment":[{"href":"https:\/\/annaruiz.com.mx\/arw\/wp-json\/wp\/v2\/media?parent=6252"}],"wp:term":[{"taxonomy":"product_brand","embeddable":true,"href":"https:\/\/annaruiz.com.mx\/arw\/wp-json\/wp\/v2\/product_brand?post=6252"},{"taxonomy":"product_cat","embeddable":true,"href":"https:\/\/annaruiz.com.mx\/arw\/wp-json\/wp\/v2\/product_cat?post=6252"},{"taxonomy":"product_tag","embeddable":true,"href":"https:\/\/annaruiz.com.mx\/arw\/wp-json\/wp\/v2\/product_tag?post=6252"}],"curies":[{"name":"wp","href":"https:\/\/api.w.org\/{rel}","templated":true}]}}