{"id":6263,"date":"2019-07-01T15:50:48","date_gmt":"2019-07-01T21:50:48","guid":{"rendered":"https:\/\/annaruiz.com.mx\/arw\/?post_type=product&#038;p=6263"},"modified":"2022-03-20T14:19:41","modified_gmt":"2022-03-20T20:19:41","slug":"mechero-soplete-para-reposteria-alegria","status":"publish","type":"product","link":"https:\/\/annaruiz.com.mx\/arw\/product\/mechero-soplete-para-reposteria-alegria\/","title":{"rendered":"Mechero Soplete para Reposter\u00eda Alegr\u00eda"},"content":{"rendered":"<p>Soplete mechero perfecto para Reposter\u00eda Cr\u00e8me Br\u00fbl\u00e9e, desmoldar o dar un acabado con llama fina<br \/>\nCarameliza, dora, flamea y mucho m\u00e1s.<\/p>\n<p>Recargable (de forma muy f\u00e1cil) Se manda SIN gas por seguridad.<\/p>\n","protected":false},"excerpt":{"rendered":"<p>Soplete mechero perfecto para Reposter\u00eda Cr\u00e8me Br\u00fbl\u00e9e, desmoldar o dar un acabado con llama fina<br \/>\nCarameliza, dora, flamea y mucho m\u00e1s.<\/p>\n<p>Recargable (de forma muy f\u00e1cil) Se manda SIN gas por seguridad.<\/p>\n","protected":false},"featured_media":6267,"comment_status":"open","ping_status":"closed","template":"","meta":[],"product_brand":[],"product_cat":[38],"product_tag":[62,60,61],"class_list":{"0":"post-6263","1":"product","2":"type-product","3":"status-publish","4":"has-post-thumbnail","6":"product_cat-herramientas-para-decorar","7":"product_tag-herramientas","8":"product_tag-mechero","9":"product_tag-reposteria","11":"first","12":"outofstock","13":"shipping-taxable","14":"purchasable","15":"product-type-simple"},"_links":{"self":[{"href":"https:\/\/annaruiz.com.mx\/arw\/wp-json\/wp\/v2\/product\/6263","targetHints":{"allow":["GET"]}}],"collection":[{"href":"https:\/\/annaruiz.com.mx\/arw\/wp-json\/wp\/v2\/product"}],"about":[{"href":"https:\/\/annaruiz.com.mx\/arw\/wp-json\/wp\/v2\/types\/product"}],"replies":[{"embeddable":true,"href":"https:\/\/annaruiz.com.mx\/arw\/wp-json\/wp\/v2\/comments?post=6263"}],"wp:featuredmedia":[{"embeddable":true,"href":"https:\/\/annaruiz.com.mx\/arw\/wp-json\/wp\/v2\/media\/6267"}],"wp:attachment":[{"href":"https:\/\/annaruiz.com.mx\/arw\/wp-json\/wp\/v2\/media?parent=6263"}],"wp:term":[{"taxonomy":"product_brand","embeddable":true,"href":"https:\/\/annaruiz.com.mx\/arw\/wp-json\/wp\/v2\/product_brand?post=6263"},{"taxonomy":"product_cat","embeddable":true,"href":"https:\/\/annaruiz.com.mx\/arw\/wp-json\/wp\/v2\/product_cat?post=6263"},{"taxonomy":"product_tag","embeddable":true,"href":"https:\/\/annaruiz.com.mx\/arw\/wp-json\/wp\/v2\/product_tag?post=6263"}],"curies":[{"name":"wp","href":"https:\/\/api.w.org\/{rel}","templated":true}]}}