{"id":6269,"date":"2019-07-01T16:50:41","date_gmt":"2019-07-01T22:50:41","guid":{"rendered":"https:\/\/annaruiz.com.mx\/arw\/?post_type=product&#038;p=6269"},"modified":"2020-04-03T12:38:07","modified_gmt":"2020-04-03T18:38:07","slug":"termometro-infrarrojo-winco-winware","status":"publish","type":"product","link":"https:\/\/annaruiz.com.mx\/arw\/product\/termometro-infrarrojo-winco-winware\/","title":{"rendered":"Termometro Infrarrojo Winco (Winware)"},"content":{"rendered":"<p>Term\u00f3metro infrarrojo con pantalla LCD<br \/>\nMide de -32\u00ba C hasta 320\u00ba C \/ -26\u00ba F hasta 608\u00ba F<br \/>\nBot\u00f3n L\u00e1ser de encendido y apagado (Funci\u00f3n de Auto apagado)<br \/>\nLuz de pantalla al encender<br \/>\nTemperaturas en grados Celsius y Farenheit<br \/>\nRetenci\u00f3n de datos<br \/>\nUtiliza 2 bater\u00edas AAA<br \/>\nMarca Winware.<\/p>\n","protected":false},"excerpt":{"rendered":"<p>Term\u00f3metro infrarrojo con pantalla LCD<br \/>\nMide de -32\u00ba C hasta 320\u00ba C \/ -26\u00ba F hasta 608\u00ba F<\/p>\n","protected":false},"featured_media":6271,"comment_status":"open","ping_status":"closed","template":"","meta":[],"product_brand":[],"product_cat":[38],"product_tag":[],"class_list":{"0":"post-6269","1":"product","2":"type-product","3":"status-publish","4":"has-post-thumbnail","6":"product_cat-herramientas-para-decorar","8":"first","9":"outofstock","10":"shipping-taxable","11":"purchasable","12":"product-type-simple"},"_links":{"self":[{"href":"https:\/\/annaruiz.com.mx\/arw\/wp-json\/wp\/v2\/product\/6269","targetHints":{"allow":["GET"]}}],"collection":[{"href":"https:\/\/annaruiz.com.mx\/arw\/wp-json\/wp\/v2\/product"}],"about":[{"href":"https:\/\/annaruiz.com.mx\/arw\/wp-json\/wp\/v2\/types\/product"}],"replies":[{"embeddable":true,"href":"https:\/\/annaruiz.com.mx\/arw\/wp-json\/wp\/v2\/comments?post=6269"}],"wp:featuredmedia":[{"embeddable":true,"href":"https:\/\/annaruiz.com.mx\/arw\/wp-json\/wp\/v2\/media\/6271"}],"wp:attachment":[{"href":"https:\/\/annaruiz.com.mx\/arw\/wp-json\/wp\/v2\/media?parent=6269"}],"wp:term":[{"taxonomy":"product_brand","embeddable":true,"href":"https:\/\/annaruiz.com.mx\/arw\/wp-json\/wp\/v2\/product_brand?post=6269"},{"taxonomy":"product_cat","embeddable":true,"href":"https:\/\/annaruiz.com.mx\/arw\/wp-json\/wp\/v2\/product_cat?post=6269"},{"taxonomy":"product_tag","embeddable":true,"href":"https:\/\/annaruiz.com.mx\/arw\/wp-json\/wp\/v2\/product_tag?post=6269"}],"curies":[{"name":"wp","href":"https:\/\/api.w.org\/{rel}","templated":true}]}}