{"id":6292,"date":"2019-07-02T10:12:42","date_gmt":"2019-07-02T16:12:42","guid":{"rendered":"https:\/\/annaruiz.com.mx\/arw\/?post_type=product&#038;p=6292"},"modified":"2024-03-09T17:16:53","modified_gmt":"2024-03-09T23:16:53","slug":"azucar-glass-de-primera-clase-1kg","status":"publish","type":"product","link":"https:\/\/annaruiz.com.mx\/arw\/product\/azucar-glass-de-primera-clase-1kg\/","title":{"rendered":"Az\u00facar Glass de Primera Clase 1Kg o 50Kg"},"content":{"rendered":"<p>El az\u00facar glas, az\u00facar glac\u00e9, az\u00facar impalpable, az\u00facar flor, az\u00facar nevada o nevaz\u00facar es un tipo de az\u00facar que se caracteriza por estar pulverizado o molido a tama\u00f1o de polvo (con cristales de un di\u00e1metro inferior a 0,15 mm) con a\u00f1adido de 2 o 3% de almid\u00f3n. Se utiliza en reposter\u00eda para cubrir y dar un \u00faltimo toque de decoraci\u00f3n a postres o dulces.<\/p>\n<p>Mezclada con agua caliente y lim\u00f3n produce el glaseado con el que se decoran postres como el apfelstrudel. El nombre es un galicismo que proviene del franc\u00e9s glace (que se pronuncia \/glas\/), empleado en la expresi\u00f3n culinaria francesa sucre glace (az\u00facar hielo en espa\u00f1ol). De ah\u00ed procede tambi\u00e9n su nombre en ingl\u00e9s icing sugar (llamado tambi\u00e9n powdered sugar o confectioner\u2019s sugar).<\/p>\n<p>&nbsp;<\/p>\n<p>fuente: http:\/\/elgourmet.com\/glosario\/azucar-glass<\/p>\n","protected":false},"excerpt":{"rendered":"<p>El az\u00facar glas, az\u00facar glac\u00e9, az\u00facar impalpable, az\u00facar flor, az\u00facar nevada o nevaz\u00facar es un tipo de az\u00facar que se caracteriza por estar pulverizado o molido a tama\u00f1o de polvo (con cristales de un di\u00e1metro inferior a 0,15 mm) con a\u00f1adido de 2 o 3% de almid\u00f3n. Se utiliza en reposter\u00eda para cubrir y dar un \u00faltimo toque de decoraci\u00f3n a postres o dulces.<\/p>\n","protected":false},"featured_media":6293,"comment_status":"open","ping_status":"closed","template":"","meta":[],"product_brand":[],"product_cat":[63],"product_tag":[64,65,47],"class_list":{"0":"post-6292","1":"product","2":"type-product","3":"status-publish","4":"has-post-thumbnail","6":"product_cat-materia-prima","7":"product_tag-azucar","8":"product_tag-glass","9":"product_tag-materia-prima","11":"first","12":"instock","13":"shipping-taxable","14":"purchasable","15":"product-type-variable"},"_links":{"self":[{"href":"https:\/\/annaruiz.com.mx\/arw\/wp-json\/wp\/v2\/product\/6292","targetHints":{"allow":["GET"]}}],"collection":[{"href":"https:\/\/annaruiz.com.mx\/arw\/wp-json\/wp\/v2\/product"}],"about":[{"href":"https:\/\/annaruiz.com.mx\/arw\/wp-json\/wp\/v2\/types\/product"}],"replies":[{"embeddable":true,"href":"https:\/\/annaruiz.com.mx\/arw\/wp-json\/wp\/v2\/comments?post=6292"}],"wp:featuredmedia":[{"embeddable":true,"href":"https:\/\/annaruiz.com.mx\/arw\/wp-json\/wp\/v2\/media\/6293"}],"wp:attachment":[{"href":"https:\/\/annaruiz.com.mx\/arw\/wp-json\/wp\/v2\/media?parent=6292"}],"wp:term":[{"taxonomy":"product_brand","embeddable":true,"href":"https:\/\/annaruiz.com.mx\/arw\/wp-json\/wp\/v2\/product_brand?post=6292"},{"taxonomy":"product_cat","embeddable":true,"href":"https:\/\/annaruiz.com.mx\/arw\/wp-json\/wp\/v2\/product_cat?post=6292"},{"taxonomy":"product_tag","embeddable":true,"href":"https:\/\/annaruiz.com.mx\/arw\/wp-json\/wp\/v2\/product_tag?post=6292"}],"curies":[{"name":"wp","href":"https:\/\/api.w.org\/{rel}","templated":true}]}}