{"id":6319,"date":"2019-07-02T14:00:48","date_gmt":"2019-07-02T20:00:48","guid":{"rendered":"https:\/\/annaruiz.com.mx\/arw\/?post_type=product&#038;p=6319"},"modified":"2023-06-26T14:29:56","modified_gmt":"2023-06-26T20:29:56","slug":"raspas-laterales-para-orillas-acanalada-pliegues-arcos-lineas-y-lisa","status":"publish","type":"product","link":"https:\/\/annaruiz.com.mx\/arw\/product\/raspas-laterales-para-orillas-acanalada-pliegues-arcos-lineas-y-lisa\/","title":{"rendered":"Raspas Laterales para Orillas ACANALADA, PLIEGUES, ARCOS, LINEAS y LISA"},"content":{"rendered":"<p>Paquete de 4 esp\u00e1tulas con relieve para crear formas de una manera f\u00e1cil en los bordes y en la parte superior de los pasteles cubiertos de crema, nata, chocolate o az\u00facar glass.<\/p>\n<ul>\n<li>Ideales para crear varios dise\u00f1os con el raspador lateral Acanalado, Pliegues, Arcos, Lineas y Lisa, que se utilizan mejor con crema, bet\u00fan o pasteles cremosos frescos.<\/li>\n<li>Dimensiones: 25 cm x 8.5 cm<\/li>\n<li>Perfecto para pasteles altos.<\/li>\n<li>\u00a1Usa ambos bordes para crear un borde liso o con un patr\u00f3n!<\/li>\n<li>Hecho de acr\u00edlico de alta calidad para alimentos.<\/li>\n<li>Se Recomienda su lavado a Mano<\/li>\n<\/ul>\n","protected":false},"excerpt":{"rendered":"<p>Esp\u00e1tulas con relieve para crear formas de una manera f\u00e1cil en los bordes y en la parte superior de los pasteles cubiertos de crema, nata, chocolate o az\u00facar glass.<\/p>\n","protected":false},"featured_media":6321,"comment_status":"open","ping_status":"closed","template":"","meta":[],"product_brand":[],"product_cat":[34],"product_tag":[67,66],"class_list":{"0":"post-6319","1":"product","2":"type-product","3":"status-publish","4":"has-post-thumbnail","6":"product_cat-decoracion","7":"product_tag-decoracion","8":"product_tag-raspa","10":"first","11":"outofstock","12":"shipping-taxable","13":"purchasable","14":"product-type-simple"},"_links":{"self":[{"href":"https:\/\/annaruiz.com.mx\/arw\/wp-json\/wp\/v2\/product\/6319","targetHints":{"allow":["GET"]}}],"collection":[{"href":"https:\/\/annaruiz.com.mx\/arw\/wp-json\/wp\/v2\/product"}],"about":[{"href":"https:\/\/annaruiz.com.mx\/arw\/wp-json\/wp\/v2\/types\/product"}],"replies":[{"embeddable":true,"href":"https:\/\/annaruiz.com.mx\/arw\/wp-json\/wp\/v2\/comments?post=6319"}],"wp:featuredmedia":[{"embeddable":true,"href":"https:\/\/annaruiz.com.mx\/arw\/wp-json\/wp\/v2\/media\/6321"}],"wp:attachment":[{"href":"https:\/\/annaruiz.com.mx\/arw\/wp-json\/wp\/v2\/media?parent=6319"}],"wp:term":[{"taxonomy":"product_brand","embeddable":true,"href":"https:\/\/annaruiz.com.mx\/arw\/wp-json\/wp\/v2\/product_brand?post=6319"},{"taxonomy":"product_cat","embeddable":true,"href":"https:\/\/annaruiz.com.mx\/arw\/wp-json\/wp\/v2\/product_cat?post=6319"},{"taxonomy":"product_tag","embeddable":true,"href":"https:\/\/annaruiz.com.mx\/arw\/wp-json\/wp\/v2\/product_tag?post=6319"}],"curies":[{"name":"wp","href":"https:\/\/api.w.org\/{rel}","templated":true}]}}