{"id":6332,"date":"2019-07-02T16:59:35","date_gmt":"2019-07-02T22:59:35","guid":{"rendered":"https:\/\/annaruiz.com.mx\/arw\/?post_type=product&#038;p=6332"},"modified":"2025-03-04T15:10:52","modified_gmt":"2025-03-04T21:10:52","slug":"praline-de-avellana-cacao-barry-500gr","status":"publish","type":"product","link":"https:\/\/annaruiz.com.mx\/arw\/product\/praline-de-avellana-cacao-barry-500gr\/","title":{"rendered":"Pralin\u00e9 de Avellana (Cacao Barry) 500gr"},"content":{"rendered":"<p>El pralin\u00e9 es una pasta utilizada en reposter\u00eda y compuesta tradicionalmente de una mezcla de almendra o avellana confitada en az\u00facar caramelizado. Se utiliza la misma cantidad de almendras que de az\u00facar.<\/p>\n<p>Al igual que el pralin y la pralinoise, se emplea como base para rellenos y coberturas de piezas de reposter\u00eda y de bombones de chocolate. Pralin\u00e9, pralin y pralinoise son t\u00e9rminos y t\u00e9cnicas culinarias franceses procedentes de la reposter\u00eda y confiter\u00eda de Francia y B\u00e9lgica.<\/p>\n","protected":false},"excerpt":{"rendered":"<p>Harina o Polvo de Almendra de primera calidad SIN cascara.<\/p>\n<p><strong>Procesos y Productos:<\/strong><\/p>\n<p>El pralin\u00e9 es una pasta utilizada en reposter\u00eda y compuesta tradicionalmente de una mezcla de almendra o avellana confitada en az\u00facar caramelizado. Se utiliza la misma cantidad de almendras que de az\u00facar.<\/p>\n<p>Al igual que el pralin y la pralinoise, se emplea como base para rellenos y coberturas de piezas de reposter\u00eda y de bombones de chocolate. Pralin\u00e9, pralin y pralinoise son t\u00e9rminos y t\u00e9cnicas culinarias franceses procedentes de la reposter\u00eda y confiter\u00eda de Francia y B\u00e9lgica.<\/p>\n","protected":false},"featured_media":6333,"comment_status":"open","ping_status":"closed","template":"","meta":[],"product_brand":[],"product_cat":[63],"product_tag":[68,73,47,74],"class_list":{"0":"post-6332","1":"product","2":"type-product","3":"status-publish","4":"has-post-thumbnail","6":"product_cat-materia-prima","7":"product_tag-almendra","8":"product_tag-avellana","9":"product_tag-materia-prima","10":"product_tag-praline","12":"first","13":"outofstock","14":"shipping-taxable","15":"purchasable","16":"product-type-simple"},"_links":{"self":[{"href":"https:\/\/annaruiz.com.mx\/arw\/wp-json\/wp\/v2\/product\/6332","targetHints":{"allow":["GET"]}}],"collection":[{"href":"https:\/\/annaruiz.com.mx\/arw\/wp-json\/wp\/v2\/product"}],"about":[{"href":"https:\/\/annaruiz.com.mx\/arw\/wp-json\/wp\/v2\/types\/product"}],"replies":[{"embeddable":true,"href":"https:\/\/annaruiz.com.mx\/arw\/wp-json\/wp\/v2\/comments?post=6332"}],"wp:featuredmedia":[{"embeddable":true,"href":"https:\/\/annaruiz.com.mx\/arw\/wp-json\/wp\/v2\/media\/6333"}],"wp:attachment":[{"href":"https:\/\/annaruiz.com.mx\/arw\/wp-json\/wp\/v2\/media?parent=6332"}],"wp:term":[{"taxonomy":"product_brand","embeddable":true,"href":"https:\/\/annaruiz.com.mx\/arw\/wp-json\/wp\/v2\/product_brand?post=6332"},{"taxonomy":"product_cat","embeddable":true,"href":"https:\/\/annaruiz.com.mx\/arw\/wp-json\/wp\/v2\/product_cat?post=6332"},{"taxonomy":"product_tag","embeddable":true,"href":"https:\/\/annaruiz.com.mx\/arw\/wp-json\/wp\/v2\/product_tag?post=6332"}],"curies":[{"name":"wp","href":"https:\/\/api.w.org\/{rel}","templated":true}]}}