{"id":6336,"date":"2019-07-02T17:49:55","date_gmt":"2019-07-02T23:49:55","guid":{"rendered":"https:\/\/annaruiz.com.mx\/arw\/?post_type=product&#038;p=6336"},"modified":"2024-07-02T14:47:41","modified_gmt":"2024-07-02T20:47:41","slug":"paillete-feuilletine-cacao-barry-150gr","status":"publish","type":"product","link":"https:\/\/annaruiz.com.mx\/arw\/product\/paillete-feuilletine-cacao-barry-150gr\/","title":{"rendered":"Paillet\u00e9 Feuilletine (Cacao Barry) 155gr"},"content":{"rendered":"<p>El\u00a0<strong>Paillet\u00e9 Feuilletine<\/strong>, que se podr\u00eda traducir como hojuelas brillantes, escarchadas o crujientes, es un ingrediente que se utiliza generalmente como relleno de bombones, en pralin\u00e9s, gianduja, turrones, tartas\u2026 su misi\u00f3n principal es aportar ese contraste crujiente que tanto agrada al paladar en combinaci\u00f3n con la cremosidad y suavidad de un ganache, por ejemplo, adem\u00e1s de un punto de sabor agradable. Se podr\u00eda decir que el <em>Paillet\u00e9 Feuilletine<\/em>\u00a0son unas migas de crepes crujientes que se pueden incorporar en rellenos de reposter\u00eda que tengan poca humedad.<\/p>\n","protected":false},"excerpt":{"rendered":"<p>El\u00a0<strong>Paillet\u00e9 Feuilletine<\/strong>, que se podr\u00eda traducir como hojuelas brillantes, escarchadas o crujientes, es un ingrediente que se utiliza generalmente como relleno de bombones, en pralin\u00e9s, gianduja, turrones, tartas\u2026 su misi\u00f3n principal es aportar ese contraste crujiente que tanto agrada al paladar en combinaci\u00f3n con la cremosidad y suavidad de un ganache, por ejemplo, adem\u00e1s de un punto de sabor agradable. Se podr\u00eda decir que el <em>Paillet\u00e9 Feuilletine<\/em>\u00a0son unas migas de crepes crujientes que se pueden incorporar en rellenos de reposter\u00eda que tengan poca humedad.<\/p>\n","protected":false},"featured_media":6337,"comment_status":"open","ping_status":"closed","template":"","meta":[],"product_brand":[],"product_cat":[63],"product_tag":[73,75,47,74],"class_list":{"0":"post-6336","1":"product","2":"type-product","3":"status-publish","4":"has-post-thumbnail","6":"product_cat-materia-prima","7":"product_tag-avellana","8":"product_tag-feulletine","9":"product_tag-materia-prima","10":"product_tag-praline","12":"first","13":"instock","14":"shipping-taxable","15":"purchasable","16":"product-type-simple"},"_links":{"self":[{"href":"https:\/\/annaruiz.com.mx\/arw\/wp-json\/wp\/v2\/product\/6336","targetHints":{"allow":["GET"]}}],"collection":[{"href":"https:\/\/annaruiz.com.mx\/arw\/wp-json\/wp\/v2\/product"}],"about":[{"href":"https:\/\/annaruiz.com.mx\/arw\/wp-json\/wp\/v2\/types\/product"}],"replies":[{"embeddable":true,"href":"https:\/\/annaruiz.com.mx\/arw\/wp-json\/wp\/v2\/comments?post=6336"}],"wp:featuredmedia":[{"embeddable":true,"href":"https:\/\/annaruiz.com.mx\/arw\/wp-json\/wp\/v2\/media\/6337"}],"wp:attachment":[{"href":"https:\/\/annaruiz.com.mx\/arw\/wp-json\/wp\/v2\/media?parent=6336"}],"wp:term":[{"taxonomy":"product_brand","embeddable":true,"href":"https:\/\/annaruiz.com.mx\/arw\/wp-json\/wp\/v2\/product_brand?post=6336"},{"taxonomy":"product_cat","embeddable":true,"href":"https:\/\/annaruiz.com.mx\/arw\/wp-json\/wp\/v2\/product_cat?post=6336"},{"taxonomy":"product_tag","embeddable":true,"href":"https:\/\/annaruiz.com.mx\/arw\/wp-json\/wp\/v2\/product_tag?post=6336"}],"curies":[{"name":"wp","href":"https:\/\/api.w.org\/{rel}","templated":true}]}}