{"id":6394,"date":"2019-07-03T17:37:48","date_gmt":"2019-07-03T23:37:48","guid":{"rendered":"https:\/\/annaruiz.com.mx\/arw\/?post_type=product&#038;p=6394"},"modified":"2019-07-04T10:34:16","modified_gmt":"2019-07-04T16:34:16","slug":"dummies-de-unicel-bajo-pedido","status":"publish","type":"product","link":"https:\/\/annaruiz.com.mx\/arw\/product\/dummies-de-unicel-bajo-pedido\/","title":{"rendered":"Dummies de Unicel bajo pedido"},"content":{"rendered":"<p>Dummies de Unicel bajo pedido.<\/p>\n<p>Hacemos Dummies de Unicel bajo demanda con la figuras personalizadas el proceso es de la siguiente forma:<\/p>\n<ol>\n<li>Dibuja la silueta de tu figura (cortador) en una hoja Carta \u00f3 tambi\u00e9n puedes mandar una foto con la forma que requieres.<\/li>\n<li>Agrega lineas con las medidas del unicel (v\u00e9ase ejemplo imagen de abajo).<\/li>\n<li>Escanea la hoja y m\u00e1ndanosla en PDF al Correo <a href=\"mailto:annaruiz@annaruiz.com.mx\">annaruiz@annaruiz.com.mx<\/a><\/li>\n<li>El proceso tarda 4 d\u00edas h\u00e1biles desde que nos mandas tu archivo en PDF hasta que te lo mandamos (si es un env\u00edo for\u00e1neo puede tardar m\u00e1s de acuerdo al tiempo de env\u00edo indicado).<\/li>\n<li>El precio final del o de los Dummies y del env\u00edo estar\u00e1n sujetos a la cotizaci\u00f3n que le enviaremos despu\u00e9s de el acuerdo en medidas y transportaci\u00f3n v\u00eda telef\u00f3nica.<\/li>\n<\/ol>\n<p>Cualquier duda quedamos a tus ordenes al 55 5536 6423 en CDMX<\/p>\n<p>Imagen de ejemplo:<\/p>\n<div class=\"fusion-image-element fusion-image-align-center in-legacy-container\" style=\"text-align:center;--awb-caption-title-font-family:var(--h2_typography-font-family);--awb-caption-title-font-weight:var(--h2_typography-font-weight);--awb-caption-title-font-style:var(--h2_typography-font-style);--awb-caption-title-size:var(--h2_typography-font-size);--awb-caption-title-transform:var(--h2_typography-text-transform);--awb-caption-title-line-height:var(--h2_typography-line-height);--awb-caption-title-letter-spacing:var(--h2_typography-letter-spacing);\"><div class=\"imageframe-align-center\"><span class=\" fusion-imageframe imageframe-none imageframe-1 hover-type-none\"><img decoding=\"async\" width=\"300\" height=\"300\" alt=\"ejemplo cortadores\" title=\"ejemplo\" src=\"https:\/\/annaruiz.com.mx\/arw\/wp-content\/uploads\/2019\/07\/ejemplo.png\" data-orig-src=\"https:\/\/annaruiz.com.mx\/arw\/wp-content\/uploads\/2019\/07\/ejemplo-300x300.png\" class=\"lazyload img-responsive wp-image-6387\" srcset=\"data:image\/svg+xml,%3Csvg%20xmlns%3D%27http%3A%2F%2Fwww.w3.org%2F2000%2Fsvg%27%20width%3D%27800%27%20height%3D%27800%27%20viewBox%3D%270%200%20800%20800%27%3E%3Crect%20width%3D%27800%27%20height%3D%27800%27%20fill-opacity%3D%220%22%2F%3E%3C%2Fsvg%3E\" data-srcset=\"https:\/\/annaruiz.com.mx\/arw\/wp-content\/uploads\/2019\/07\/ejemplo-200x200.png 200w, https:\/\/annaruiz.com.mx\/arw\/wp-content\/uploads\/2019\/07\/ejemplo-400x400.png 400w, https:\/\/annaruiz.com.mx\/arw\/wp-content\/uploads\/2019\/07\/ejemplo-600x600.png 600w, https:\/\/annaruiz.com.mx\/arw\/wp-content\/uploads\/2019\/07\/ejemplo.png 800w\" data-sizes=\"auto\" data-orig-sizes=\"(max-width: 1024px) 100vw, (max-width: 640px) 100vw, 300px\" \/><\/span><\/div><\/div>\n","protected":false},"excerpt":{"rendered":"<p>Dummies de Unicel bajo pedido.<\/p>\n<p>Hacemos Dummies de Unicel bajo demanda <strong>(Ver instrucciones en la descripci\u00f3n detallada abajo).<\/strong><\/p>\n","protected":false},"featured_media":6395,"comment_status":"open","ping_status":"closed","template":"","meta":[],"product_brand":[],"product_cat":[34,35],"product_tag":[67,87],"class_list":{"0":"post-6394","1":"product","2":"type-product","3":"status-publish","4":"has-post-thumbnail","6":"product_cat-decoracion","7":"product_cat-unicel","8":"product_tag-decoracion","9":"product_tag-unicel","11":"first","12":"instock","13":"shipping-taxable","14":"purchasable","15":"product-type-variable"},"_links":{"self":[{"href":"https:\/\/annaruiz.com.mx\/arw\/wp-json\/wp\/v2\/product\/6394","targetHints":{"allow":["GET"]}}],"collection":[{"href":"https:\/\/annaruiz.com.mx\/arw\/wp-json\/wp\/v2\/product"}],"about":[{"href":"https:\/\/annaruiz.com.mx\/arw\/wp-json\/wp\/v2\/types\/product"}],"replies":[{"embeddable":true,"href":"https:\/\/annaruiz.com.mx\/arw\/wp-json\/wp\/v2\/comments?post=6394"}],"wp:featuredmedia":[{"embeddable":true,"href":"https:\/\/annaruiz.com.mx\/arw\/wp-json\/wp\/v2\/media\/6395"}],"wp:attachment":[{"href":"https:\/\/annaruiz.com.mx\/arw\/wp-json\/wp\/v2\/media?parent=6394"}],"wp:term":[{"taxonomy":"product_brand","embeddable":true,"href":"https:\/\/annaruiz.com.mx\/arw\/wp-json\/wp\/v2\/product_brand?post=6394"},{"taxonomy":"product_cat","embeddable":true,"href":"https:\/\/annaruiz.com.mx\/arw\/wp-json\/wp\/v2\/product_cat?post=6394"},{"taxonomy":"product_tag","embeddable":true,"href":"https:\/\/annaruiz.com.mx\/arw\/wp-json\/wp\/v2\/product_tag?post=6394"}],"curies":[{"name":"wp","href":"https:\/\/api.w.org\/{rel}","templated":true}]}}