{"id":6401,"date":"2019-07-03T18:26:01","date_gmt":"2019-07-04T00:26:01","guid":{"rendered":"https:\/\/annaruiz.com.mx\/arw\/?post_type=product&#038;p=6401"},"modified":"2020-10-23T15:52:25","modified_gmt":"2020-10-23T21:52:25","slug":"extracto-de-vainilla-pro-agro-150ml-y-500ml","status":"publish","type":"product","link":"https:\/\/annaruiz.com.mx\/arw\/product\/extracto-de-vainilla-pro-agro-150ml-y-500ml\/","title":{"rendered":"Extracto de Vainilla Pro Agro 150ml y 500ml"},"content":{"rendered":"<div>\n<p>La vainilla mexicana cuando no es artificial ni derivada de productos qu\u00edmicos, es la mejor del mundo.<\/p>\n<p>Toda la l\u00ednea de vainilla cumple con las normas oficiales de M\u00e9xico, del FDA, CE, CODEX y RTCA, adem\u00e1s de contar con certificaci\u00f3n Kosher y FSSC 22000<\/p>\n<\/div>\n<div class=\"titulo_e\">Caracter\u00edsticas:<\/div>\n<ul>\n<li>100% natural<\/li>\n<li>Sin conservadores<\/li>\n<li>Sin aditivos<\/li>\n<li>No contiene taninos que amarguen<\/li>\n<li>No contiene s\u00f3lidos que fermenten<\/li>\n<li>F\u00e1cil dosificaci\u00f3n<\/li>\n<li>Ayuda a fijar otros sabores<\/li>\n<li>Redondea perfectamente los perfiles de sabor en las f\u00f3rmulas<\/li>\n<li>Enmascara defectos vegetales en las bases<\/li>\n<li>Gran rentabilidad por su baja dosificaci\u00f3n<\/li>\n<li>De larga vida en anaquel<\/li>\n<\/ul>\n","protected":false},"excerpt":{"rendered":"<p>La vainilla mexicana cuando no es artificial ni derivada de productos qu\u00edmicos, es la mejor del mundo.<\/p>\n<p>Toda la l\u00ednea de vainilla cumple con las normas oficiales de M\u00e9xico, del FDA, CE, CODEX y RTCA, adem\u00e1s de contar con certificaci\u00f3n Kosher y FSSC 22000<\/p>\n","protected":false},"featured_media":6405,"comment_status":"open","ping_status":"closed","template":"","meta":[],"product_brand":[],"product_cat":[63],"product_tag":[89,90,88],"class_list":{"0":"post-6401","1":"product","2":"type-product","3":"status-publish","4":"has-post-thumbnail","6":"product_cat-materia-prima","7":"product_tag-extracto","8":"product_tag-natural","9":"product_tag-vainilla","11":"first","12":"outofstock","13":"shipping-taxable","14":"purchasable","15":"product-type-variable"},"_links":{"self":[{"href":"https:\/\/annaruiz.com.mx\/arw\/wp-json\/wp\/v2\/product\/6401","targetHints":{"allow":["GET"]}}],"collection":[{"href":"https:\/\/annaruiz.com.mx\/arw\/wp-json\/wp\/v2\/product"}],"about":[{"href":"https:\/\/annaruiz.com.mx\/arw\/wp-json\/wp\/v2\/types\/product"}],"replies":[{"embeddable":true,"href":"https:\/\/annaruiz.com.mx\/arw\/wp-json\/wp\/v2\/comments?post=6401"}],"wp:featuredmedia":[{"embeddable":true,"href":"https:\/\/annaruiz.com.mx\/arw\/wp-json\/wp\/v2\/media\/6405"}],"wp:attachment":[{"href":"https:\/\/annaruiz.com.mx\/arw\/wp-json\/wp\/v2\/media?parent=6401"}],"wp:term":[{"taxonomy":"product_brand","embeddable":true,"href":"https:\/\/annaruiz.com.mx\/arw\/wp-json\/wp\/v2\/product_brand?post=6401"},{"taxonomy":"product_cat","embeddable":true,"href":"https:\/\/annaruiz.com.mx\/arw\/wp-json\/wp\/v2\/product_cat?post=6401"},{"taxonomy":"product_tag","embeddable":true,"href":"https:\/\/annaruiz.com.mx\/arw\/wp-json\/wp\/v2\/product_tag?post=6401"}],"curies":[{"name":"wp","href":"https:\/\/api.w.org\/{rel}","templated":true}]}}