{"id":7669,"date":"2019-08-12T18:13:47","date_gmt":"2019-08-13T00:13:47","guid":{"rendered":"https:\/\/annaruiz.com.mx\/arw\/?post_type=product&#038;p=7669"},"modified":"2022-12-19T17:12:59","modified_gmt":"2022-12-19T23:12:59","slug":"libro-larousse-decoracion-con-fondant-de-anna-ruiz","status":"publish","type":"product","link":"https:\/\/annaruiz.com.mx\/arw\/product\/libro-larousse-decoracion-con-fondant-de-anna-ruiz\/","title":{"rendered":"Libro Larousse &#8220;Decoraci\u00f3n con Fondant&#8221; de Anna Ruiz"},"content":{"rendered":"<p>Libro Larousse &#8220;Decoraci\u00f3n con Fondant&#8221; de Anna Ruiz<\/p>\n","protected":false},"excerpt":{"rendered":"<p>Libro Larousse &#8220;Decoraci\u00f3n con Fondant&#8221; de Anna Ruiz, 160 p\u00e1ginas de recetas y tips para decorar con fondant con la direcci\u00f3n de la Chef Anna Ruiz, es un indispensable para las &#8220;cakes designers&#8221; o amas de casa que quieren mejorar sus t\u00e9cnicas y realizar pasteles, cupcakes, galletas espectaculares.<\/p>\n","protected":false},"featured_media":7667,"comment_status":"open","ping_status":"closed","template":"","meta":[],"product_brand":[],"product_cat":[108],"product_tag":[67,110,109],"class_list":{"0":"post-7669","1":"product","2":"type-product","3":"status-publish","4":"has-post-thumbnail","6":"product_cat-libros","7":"product_tag-decoracion","8":"product_tag-fondant","9":"product_tag-libros","11":"first","12":"instock","13":"featured","14":"shipping-taxable","15":"purchasable","16":"product-type-simple"},"_links":{"self":[{"href":"https:\/\/annaruiz.com.mx\/arw\/wp-json\/wp\/v2\/product\/7669","targetHints":{"allow":["GET"]}}],"collection":[{"href":"https:\/\/annaruiz.com.mx\/arw\/wp-json\/wp\/v2\/product"}],"about":[{"href":"https:\/\/annaruiz.com.mx\/arw\/wp-json\/wp\/v2\/types\/product"}],"replies":[{"embeddable":true,"href":"https:\/\/annaruiz.com.mx\/arw\/wp-json\/wp\/v2\/comments?post=7669"}],"wp:featuredmedia":[{"embeddable":true,"href":"https:\/\/annaruiz.com.mx\/arw\/wp-json\/wp\/v2\/media\/7667"}],"wp:attachment":[{"href":"https:\/\/annaruiz.com.mx\/arw\/wp-json\/wp\/v2\/media?parent=7669"}],"wp:term":[{"taxonomy":"product_brand","embeddable":true,"href":"https:\/\/annaruiz.com.mx\/arw\/wp-json\/wp\/v2\/product_brand?post=7669"},{"taxonomy":"product_cat","embeddable":true,"href":"https:\/\/annaruiz.com.mx\/arw\/wp-json\/wp\/v2\/product_cat?post=7669"},{"taxonomy":"product_tag","embeddable":true,"href":"https:\/\/annaruiz.com.mx\/arw\/wp-json\/wp\/v2\/product_tag?post=7669"}],"curies":[{"name":"wp","href":"https:\/\/api.w.org\/{rel}","templated":true}]}}